
{"id":2758,"date":"2025-12-17T14:02:48","date_gmt":"2025-12-17T13:02:48","guid":{"rendered":"http:\/\/bezaubernd.bayern\/?page_id=2758"},"modified":"2026-04-16T14:27:52","modified_gmt":"2026-04-16T12:27:52","slug":"beratung-anprobe","status":"publish","type":"page","link":"https:\/\/bezaubernd.bayern\/en\/beratung-anprobe\/","title":{"rendered":"Consultation\/fitting"},"content":{"rendered":"\n<div class=\"row block-251553769 rmt rmb  row-small \">\n\n<div class=\"col col-12 col-lg-6 block-wysiwyg\">\n<div class=\"container-inhalt container-vertikal-oben \">\n    <h1  style=\"color:#735e37; text-align:left;\">Beratung &#038; Anprobe<\/h1>\n    <p>Bei bezaubernd ist Deine Anprobe mehr als nur ein Termin \u2013 \u2028sie ist ein Erlebnis. In privater Atmosph\u00e4re beraten wir Dich ehrlich, einf\u00fchlsam\u2028und mit viel Herz.<\/p>\n<p>Gemeinsam finden wir Dein Kleid, das Dich strahlen l\u00e4sst \u2013 f\u00fcr Deinen unvergesslichen Tag.<\/p>\n \n      <div class=\"block-links\" style=\"text-align:left;\"><a class=\"btn btn-primary  hero-link-first\" href=\"http:\/\/bezaubernd.bayern\/kollektionen\/\" target=\"\">Jetzt Kontakt aufnehmen<\/a><a class=\"btn btn-small hero-link-second\" href=\"https:\/\/wa.me\/+491733537401\" target=\"\"><img decoding=\"async\" src=\"https:\/\/bezaubernd.bayern\/wp-content\/uploads\/2025\/12\/whatsapp-brands-solid-full-1.svg\"><\/a>\n      <\/div>\n  <\/div><\/div>            <link rel=\"stylesheet\" type=\"text\/css\" href=\"https:\/\/bezaubernd.bayern\/wp-content\/themes\/boxed-theme\/includes\/blocks\/block_wysiwyg\/style.css\">\n            \n<div class=\"col col-12 col-lg-6 block-image\">\n\n        <div class=\"block-image\">\n            <img decoding=\"async\" src=\"https:\/\/bezaubernd.bayern\/wp-content\/uploads\/2026\/01\/Bezaubernd-203-scaled-960x1450.jpg\" class=\"desk-img\" alt=\"Desktop Version\">\n            <img decoding=\"async\" src=\"https:\/\/bezaubernd.bayern\/wp-content\/uploads\/2026\/01\/Bezaubernd-203-scaled-576x870.jpg\" class=\"mob-img\" alt=\"Mobile Version\">\n        <\/div>\n    <\/div>\n\n\n            <link rel=\"stylesheet\" type=\"text\/css\" href=\"https:\/\/bezaubernd.bayern\/wp-content\/themes\/boxed-theme\/includes\/blocks\/block_image\/style.css\">\n            <\/div>\n\n\n<div class=\"row block-752798504 rmt rmb  row-small-back-overfl no-overflow background-color-and-brightness-10\" style=\"background:#dd9933;\">\n\n    <h1 style=\"color:#735e37; text-align:center;\">Fragen &#038; Antworten<\/h1>\n    \n<div class=\"col col-12 col-lg-6 block-faq-schema\"style=\"padding-top:50px;\">\n<div class=\"accordion\" id=\"accordionfaq_69e5ccaa1c92a\">        <div class=\"accordion-item\">\n            <div class=\"accordion-header\" id=\"headingfaq_69e5ccaa1c92a1\">\n                <button class=\"accordion-button\" type=\"button\" data-bs-toggle=\"collapse\" data-bs-target=\"#collapsefaq_69e5ccaa1c92a1\" aria-expanded=\"true\" aria-controls=\"collapsefaq_69e5ccaa1c92a1\">\n                    <span class=\"accordion-headline\">Wie kann ich einen Anprobetermin vereinbaren?<\/span>\n                <\/button>\n            <\/div>\n            <div id=\"collapsefaq_69e5ccaa1c92a1\" class=\"accordion-collapse collapse show\" aria-labelledby=\"headingfaq_69e5ccaa1c92a1\">\n                <div class=\"accordion-body\">\n                    <div class=\"accordion-body-background\"><\/div>\n                    <p>Du kannst Deinen Termin telefonisch, per WhatsApp, E-Mail sowie \u00fcber \u201eKontakt\u201c auf dieser Seite vereinbaren. Wir melden uns anschlie\u00dfend f\u00fcr Deine pers\u00f6nliche Brautkleid-Anprobe.<\/p>\n                <\/div>\n            <\/div>\n        <\/div>\n                <div class=\"accordion-item\">\n            <div class=\"accordion-header\" id=\"headingfaq_69e5ccaa1c92a2\">\n                <button class=\"accordion-button\" type=\"button\" data-bs-toggle=\"collapse\" data-bs-target=\"#collapsefaq_69e5ccaa1c92a2\" aria-expanded=\"true\" aria-controls=\"collapsefaq_69e5ccaa1c92a2\">\n                    <span class=\"accordion-headline\">Muss ich einen Termin im Voraus buchen?<\/span>\n                <\/button>\n            <\/div>\n            <div id=\"collapsefaq_69e5ccaa1c92a2\" class=\"accordion-collapse collapse show\" aria-labelledby=\"headingfaq_69e5ccaa1c92a2\">\n                <div class=\"accordion-body\">\n                    <div class=\"accordion-body-background\"><\/div>\n                    <p>Ja, bei Brautmode empfehlen wir Dir einen Termin mindestens 9 Monate vor der Hochzeit. Somit haben wir gen\u00fcgend Zeit, Deinen Kleid zu finden.<\/p>\n                <\/div>\n            <\/div>\n        <\/div>\n                <div class=\"accordion-item\">\n            <div class=\"accordion-header\" id=\"headingfaq_69e5ccaa1c92a3\">\n                <button class=\"accordion-button\" type=\"button\" data-bs-toggle=\"collapse\" data-bs-target=\"#collapsefaq_69e5ccaa1c92a3\" aria-expanded=\"true\" aria-controls=\"collapsefaq_69e5ccaa1c92a3\">\n                    <span class=\"accordion-headline\">Meine Hochzeit findet in weniger als 9 Monaten statt. Bekomme ich dennoch ein Kleid?<\/span>\n                <\/button>\n            <\/div>\n            <div id=\"collapsefaq_69e5ccaa1c92a3\" class=\"accordion-collapse collapse show\" aria-labelledby=\"headingfaq_69e5ccaa1c92a3\">\n                <div class=\"accordion-body\">\n                    <div class=\"accordion-body-background\"><\/div>\n                    <p>Ja<strong>. <\/strong>Wir haben \u00fcber 400 Kleider im Gesch\u00e4ft und finden f\u00fcr Dich Dein perfektes Kleid. Fast immer gelingt es uns, die Lieferzeiten zu beschleunigen, so dass Dein Kleid noch rechtzeitig kommt.<\/p>\n                <\/div>\n            <\/div>\n        <\/div>\n                <div class=\"accordion-item\">\n            <div class=\"accordion-header\" id=\"headingfaq_69e5ccaa1c92a4\">\n                <button class=\"accordion-button\" type=\"button\" data-bs-toggle=\"collapse\" data-bs-target=\"#collapsefaq_69e5ccaa1c92a4\" aria-expanded=\"true\" aria-controls=\"collapsefaq_69e5ccaa1c92a4\">\n                    <span class=\"accordion-headline\">Ben\u00f6tige ich immer einen Termin?<\/span>\n                <\/button>\n            <\/div>\n            <div id=\"collapsefaq_69e5ccaa1c92a4\" class=\"accordion-collapse collapse show\" aria-labelledby=\"headingfaq_69e5ccaa1c92a4\">\n                <div class=\"accordion-body\">\n                    <div class=\"accordion-body-background\"><\/div>\n                    <p>Nein. Willst Du ein Dirndl oder ein Abendkleid, kannst Du immer zu den \u00d6ffnungszeiten vorbeikommen.<\/p>\n                <\/div>\n            <\/div>\n        <\/div>\n                <div class=\"accordion-item\">\n            <div class=\"accordion-header\" id=\"headingfaq_69e5ccaa1c92a5\">\n                <button class=\"accordion-button\" type=\"button\" data-bs-toggle=\"collapse\" data-bs-target=\"#collapsefaq_69e5ccaa1c92a5\" aria-expanded=\"true\" aria-controls=\"collapsefaq_69e5ccaa1c92a5\">\n                    <span class=\"accordion-headline\">Wie lange dauert eine Anprobe?<\/span>\n                <\/button>\n            <\/div>\n            <div id=\"collapsefaq_69e5ccaa1c92a5\" class=\"accordion-collapse collapse show\" aria-labelledby=\"headingfaq_69e5ccaa1c92a5\">\n                <div class=\"accordion-body\">\n                    <div class=\"accordion-body-background\"><\/div>\n                    <p>Wir nehmen uns f\u00fcr Deine Anprobe mindestens zwei Stunden Zeit und sind auch flexibel, wenn es l\u00e4nger dauert.<\/p>\n                <\/div>\n            <\/div>\n        <\/div>\n                <div class=\"accordion-item\">\n            <div class=\"accordion-header\" id=\"headingfaq_69e5ccaa1c92a6\">\n                <button class=\"accordion-button\" type=\"button\" data-bs-toggle=\"collapse\" data-bs-target=\"#collapsefaq_69e5ccaa1c92a6\" aria-expanded=\"true\" aria-controls=\"collapsefaq_69e5ccaa1c92a6\">\n                    <span class=\"accordion-headline\">Welche Kleiderstile vertreibt ihr?<\/span>\n                <\/button>\n            <\/div>\n            <div id=\"collapsefaq_69e5ccaa1c92a6\" class=\"accordion-collapse collapse show\" aria-labelledby=\"headingfaq_69e5ccaa1c92a6\">\n                <div class=\"accordion-body\">\n                    <div class=\"accordion-body-background\"><\/div>\n                    <p>Wir bieten Boho-, Vintage-, und moderne Brautkleider, Standesamt- und Abendmode sowie Dirndl, Festkleider und die jeweiligen Accessoires an.<\/p>\n                <\/div>\n            <\/div>\n        <\/div>\n        <\/div><script type=\"application\/ld+json\">{\"@context\":\"https:\\\/\\\/schema.org\",\"@type\":\"FAQPage\",\"mainEntity\":[{\"@type\":\"Question\",\"name\":\"Wie kann ich einen Anprobetermin vereinbaren?\",\"acceptedAnswer\":{\"@type\":\"Answer\",\"text\":\"Du kannst Deinen Termin telefonisch, per WhatsApp, E-Mail sowie \\u00fcber \\u201eKontakt\\u201c auf dieser Seite vereinbaren. Wir melden uns anschlie\\u00dfend f\\u00fcr Deine pers\\u00f6nliche Brautkleid-Anprobe.\"}},{\"@type\":\"Question\",\"name\":\"Muss ich einen Termin im Voraus buchen?\",\"acceptedAnswer\":{\"@type\":\"Answer\",\"text\":\"Ja, bei Brautmode empfehlen wir Dir einen Termin mindestens 9 Monate vor der Hochzeit. Somit haben wir gen\\u00fcgend Zeit, Deinen Kleid zu finden.\"}},{\"@type\":\"Question\",\"name\":\"Meine Hochzeit findet in weniger als 9 Monaten statt. Bekomme ich dennoch ein Kleid?\",\"acceptedAnswer\":{\"@type\":\"Answer\",\"text\":\"Ja. Wir haben \\u00fcber 400 Kleider im Gesch\\u00e4ft und finden f\\u00fcr Dich Dein perfektes Kleid. Fast immer gelingt es uns, die Lieferzeiten zu beschleunigen, so dass Dein Kleid noch rechtzeitig kommt.\"}},{\"@type\":\"Question\",\"name\":\"Ben\\u00f6tige ich immer einen Termin?\",\"acceptedAnswer\":{\"@type\":\"Answer\",\"text\":\"Nein. Willst Du ein Dirndl oder ein Abendkleid, kannst Du immer zu den \\u00d6ffnungszeiten vorbeikommen.\"}},{\"@type\":\"Question\",\"name\":\"Wie lange dauert eine Anprobe?\",\"acceptedAnswer\":{\"@type\":\"Answer\",\"text\":\"Wir nehmen uns f\\u00fcr Deine Anprobe mindestens zwei Stunden Zeit und sind auch flexibel, wenn es l\\u00e4nger dauert.\"}},{\"@type\":\"Question\",\"name\":\"Welche Kleiderstile vertreibt ihr?\",\"acceptedAnswer\":{\"@type\":\"Answer\",\"text\":\"Wir bieten Boho-, Vintage-, und moderne Brautkleider, Standesamt- und Abendmode sowie Dirndl, Festkleider und die jeweiligen Accessoires an.\"}}]}<\/script><script>\n    document.addEventListener(\"DOMContentLoaded\", function() {\n        document.body.addEventListener(\"click\", function(e) {\n            const btn = e.target.closest(\".accordion-button\");\n            if (!btn) return;\n\n            \/\/ Wir holen uns das Ziel-Element dieses Klicks\n            const targetId = btn.getAttribute(\"data-bs-target\");\n            const targetCollapse = document.querySelector(targetId);\n            \n            \/\/ Alle Accordion-Collapse Elemente auf der gesamten Seite finden\n            const allCollapses = document.querySelectorAll(\".accordion-collapse\");\n\n            allCollapses.forEach(collapse => {\n                if (collapse === targetCollapse) {\n                    \/\/ Das geklickte Element lassen wir von Bootstrap normal umschalten\n                    \/\/ (Bootstrap erledigt das Toggle automatisch durch data-bs-toggle)\n                } else {\n                    \/\/ Alle anderen schlie\u00dfen wir manuell \u00fcber die API\n                    const bsInstance = bootstrap.Collapse.getOrCreateInstance(collapse, { toggle: false });\n                    bsInstance.hide();\n                }\n            });\n        });\n    });\n    <\/script><\/div>            <link rel=\"stylesheet\" type=\"text\/css\" href=\"https:\/\/bezaubernd.bayern\/wp-content\/themes\/boxed-theme\/includes\/blocks\/block_faq\/style.css\">\n            \n<div class=\"col col-12 col-lg-6 block-faq-schema\"style=\"padding-top:50px;\">\n<div class=\"accordion\" id=\"accordionfaq_69e5ccaa1d6be\">        <div class=\"accordion-item\">\n            <div class=\"accordion-header\" id=\"headingfaq_69e5ccaa1d6be1\">\n                <button class=\"accordion-button\" type=\"button\" data-bs-toggle=\"collapse\" data-bs-target=\"#collapsefaq_69e5ccaa1d6be1\" aria-expanded=\"true\" aria-controls=\"collapsefaq_69e5ccaa1d6be1\">\n                    <span class=\"accordion-headline\">Kann ich mehrere Kleider gleichzeitig anprobieren?<\/span>\n                <\/button>\n            <\/div>\n            <div id=\"collapsefaq_69e5ccaa1d6be1\" class=\"accordion-collapse collapse show\" aria-labelledby=\"headingfaq_69e5ccaa1d6be1\">\n                <div class=\"accordion-body\">\n                    <div class=\"accordion-body-background\"><\/div>\n                    <p>Ja, Du kannst mehrere Traumkleider vergleichen, um f\u00fcr Dich Dein passendes Kleid zu finden.<\/p>\n                <\/div>\n            <\/div>\n        <\/div>\n                <div class=\"accordion-item\">\n            <div class=\"accordion-header\" id=\"headingfaq_69e5ccaa1d6be2\">\n                <button class=\"accordion-button\" type=\"button\" data-bs-toggle=\"collapse\" data-bs-target=\"#collapsefaq_69e5ccaa1d6be2\" aria-expanded=\"true\" aria-controls=\"collapsefaq_69e5ccaa1d6be2\">\n                    <span class=\"accordion-headline\">K\u00f6nnen die Kleider angepasst werden?<\/span>\n                <\/button>\n            <\/div>\n            <div id=\"collapsefaq_69e5ccaa1d6be2\" class=\"accordion-collapse collapse show\" aria-labelledby=\"headingfaq_69e5ccaa1d6be2\">\n                <div class=\"accordion-body\">\n                    <div class=\"accordion-body-background\"><\/div>\n                    <p>Ja, wir stecken die Kleider ab und unsere erfahrenen Schneiderinnen passen Dein Brautkleid in unserer hauseigenen Schneiderei perfekt an Deine Ma\u00dfe an.<\/p>\n                <\/div>\n            <\/div>\n        <\/div>\n                <div class=\"accordion-item\">\n            <div class=\"accordion-header\" id=\"headingfaq_69e5ccaa1d6be3\">\n                <button class=\"accordion-button\" type=\"button\" data-bs-toggle=\"collapse\" data-bs-target=\"#collapsefaq_69e5ccaa1d6be3\" aria-expanded=\"true\" aria-controls=\"collapsefaq_69e5ccaa1d6be3\">\n                    <span class=\"accordion-headline\">Welche Accessoires kann ich testen?<\/span>\n                <\/button>\n            <\/div>\n            <div id=\"collapsefaq_69e5ccaa1d6be3\" class=\"accordion-collapse collapse show\" aria-labelledby=\"headingfaq_69e5ccaa1d6be3\">\n                <div class=\"accordion-body\">\n                    <div class=\"accordion-body-background\"><\/div>\n                    <p>Wir f\u00fchren alles, was Du ben\u00f6tigst: Schleier, Schmuck, Schuhe und Taschen.<\/p>\n                <\/div>\n            <\/div>\n        <\/div>\n                <div class=\"accordion-item\">\n            <div class=\"accordion-header\" id=\"headingfaq_69e5ccaa1d6be4\">\n                <button class=\"accordion-button\" type=\"button\" data-bs-toggle=\"collapse\" data-bs-target=\"#collapsefaq_69e5ccaa1d6be4\" aria-expanded=\"true\" aria-controls=\"collapsefaq_69e5ccaa1d6be4\">\n                    <span class=\"accordion-headline\">Wie lange dauern \u00c4nderungen?<\/span>\n                <\/button>\n            <\/div>\n            <div id=\"collapsefaq_69e5ccaa1d6be4\" class=\"accordion-collapse collapse show\" aria-labelledby=\"headingfaq_69e5ccaa1d6be4\">\n                <div class=\"accordion-body\">\n                    <div class=\"accordion-body-background\"><\/div>\n                    <p>Die meisten Anpassungen werden innerhalb k\u00fcrzester Zeit umgesetzt. Zu Deinem Termin ist Dein Kleid fertig!<\/p>\n                <\/div>\n            <\/div>\n        <\/div>\n                <div class=\"accordion-item\">\n            <div class=\"accordion-header\" id=\"headingfaq_69e5ccaa1d6be5\">\n                <button class=\"accordion-button\" type=\"button\" data-bs-toggle=\"collapse\" data-bs-target=\"#collapsefaq_69e5ccaa1d6be5\" aria-expanded=\"true\" aria-controls=\"collapsefaq_69e5ccaa1d6be5\">\n                    <span class=\"accordion-headline\">Wie hoch sind die Preise der Kleider?<\/span>\n                <\/button>\n            <\/div>\n            <div id=\"collapsefaq_69e5ccaa1d6be5\" class=\"accordion-collapse collapse show\" aria-labelledby=\"headingfaq_69e5ccaa1d6be5\">\n                <div class=\"accordion-body\">\n                    <div class=\"accordion-body-background\"><\/div>\n                    <p>Das ist abh\u00e4ngig vom Stil, den Stoffen und den Marken. Wir beraten Dich gerne und finden Dein Kleid in der jeweiligen Preiskategorie.<\/p>\n                <\/div>\n            <\/div>\n        <\/div>\n                <div class=\"accordion-item\">\n            <div class=\"accordion-header\" id=\"headingfaq_69e5ccaa1d6be6\">\n                <button class=\"accordion-button\" type=\"button\" data-bs-toggle=\"collapse\" data-bs-target=\"#collapsefaq_69e5ccaa1d6be6\" aria-expanded=\"true\" aria-controls=\"collapsefaq_69e5ccaa1d6be6\">\n                    <span class=\"accordion-headline\">Kann ich meine Begleiterinnen mitbringen?<\/span>\n                <\/button>\n            <\/div>\n            <div id=\"collapsefaq_69e5ccaa1d6be6\" class=\"accordion-collapse collapse show\" aria-labelledby=\"headingfaq_69e5ccaa1d6be6\">\n                <div class=\"accordion-body\">\n                    <div class=\"accordion-body-background\"><\/div>\n                    <p>Ja, du kannst bis zu 5 Begleiter\/innen mitbringen.<\/p>\n                <\/div>\n            <\/div>\n        <\/div>\n                <div class=\"accordion-item\">\n            <div class=\"accordion-header\" id=\"headingfaq_69e5ccaa1d6be7\">\n                <button class=\"accordion-button\" type=\"button\" data-bs-toggle=\"collapse\" data-bs-target=\"#collapsefaq_69e5ccaa1d6be7\" aria-expanded=\"true\" aria-controls=\"collapsefaq_69e5ccaa1d6be7\">\n                    <span class=\"accordion-headline\">Darf ich mich schminken? <\/span>\n                <\/button>\n            <\/div>\n            <div id=\"collapsefaq_69e5ccaa1d6be7\" class=\"accordion-collapse collapse show\" aria-labelledby=\"headingfaq_69e5ccaa1d6be7\">\n                <div class=\"accordion-body\">\n                    <div class=\"accordion-body-background\"><\/div>\n                    <p>Ja. Komm einfach so, wie du Dich wohl f\u00fchlst.<\/p>\n                <\/div>\n            <\/div>\n        <\/div>\n        <\/div><script type=\"application\/ld+json\">{\"@context\":\"https:\\\/\\\/schema.org\",\"@type\":\"FAQPage\",\"mainEntity\":[{\"@type\":\"Question\",\"name\":\"Kann ich mehrere Kleider gleichzeitig anprobieren?\",\"acceptedAnswer\":{\"@type\":\"Answer\",\"text\":\"Ja, Du kannst mehrere Traumkleider vergleichen, um f\\u00fcr Dich Dein passendes Kleid zu finden.\"}},{\"@type\":\"Question\",\"name\":\"K\\u00f6nnen die Kleider angepasst werden?\",\"acceptedAnswer\":{\"@type\":\"Answer\",\"text\":\"Ja, wir stecken die Kleider ab und unsere erfahrenen Schneiderinnen passen Dein Brautkleid in unserer hauseigenen Schneiderei perfekt an Deine Ma\\u00dfe an.\"}},{\"@type\":\"Question\",\"name\":\"Welche Accessoires kann ich testen?\",\"acceptedAnswer\":{\"@type\":\"Answer\",\"text\":\"Wir f\\u00fchren alles, was Du ben\\u00f6tigst: Schleier, Schmuck, Schuhe und Taschen.\"}},{\"@type\":\"Question\",\"name\":\"Wie lange dauern \\u00c4nderungen?\",\"acceptedAnswer\":{\"@type\":\"Answer\",\"text\":\"Die meisten Anpassungen werden innerhalb k\\u00fcrzester Zeit umgesetzt. Zu Deinem Termin ist Dein Kleid fertig!\"}},{\"@type\":\"Question\",\"name\":\"Wie hoch sind die Preise der Kleider?\",\"acceptedAnswer\":{\"@type\":\"Answer\",\"text\":\"Das ist abh\\u00e4ngig vom Stil, den Stoffen und den Marken. Wir beraten Dich gerne und finden Dein Kleid in der jeweiligen Preiskategorie.\"}},{\"@type\":\"Question\",\"name\":\"Kann ich meine Begleiterinnen mitbringen?\",\"acceptedAnswer\":{\"@type\":\"Answer\",\"text\":\"Ja, du kannst bis zu 5 Begleiter\\\/innen mitbringen.\"}},{\"@type\":\"Question\",\"name\":\"Darf ich mich schminken? \",\"acceptedAnswer\":{\"@type\":\"Answer\",\"text\":\"Ja. Komm einfach so, wie du Dich wohl f\\u00fchlst.\"}}]}<\/script><\/div>            <link rel=\"stylesheet\" type=\"text\/css\" href=\"https:\/\/bezaubernd.bayern\/wp-content\/themes\/boxed-theme\/includes\/blocks\/block_faq\/style.css\">\n            <\/div>\n\n\n<div class=\"row block-1681638627 rmt rmb   \">\n\n<div class=\"col col-12 col-lg-12 block-html\">\n<!-- Elfsight Google Reviews | bezaubernd.bayern -->\r\n<script src=\"https:\/\/elfsightcdn.com\/platform.js\" async><\/script>\r\n<div class=\"elfsight-app-5a1524d0-9b21-4b99-ab9c-b3e501d66633\" data-elfsight-app-lazy><\/div><\/div><\/div>","protected":false},"excerpt":{"rendered":"","protected":false},"author":3,"featured_media":0,"parent":0,"menu_order":0,"comment_status":"closed","ping_status":"closed","template":"page-standard.php","meta":{"_acf_changed":true,"footnotes":""},"class_list":["post-2758","page","type-page","status-publish","hentry"],"acf":[],"yoast_head":"<!-- This site is optimized with the Yoast SEO plugin v27.3 - https:\/\/yoast.com\/product\/yoast-seo-wordpress\/ -->\n<title>Beratung\/Anprobe - Bezaubernd Bayern<\/title>\n<meta name=\"robots\" content=\"index, follow, max-snippet:-1, max-image-preview:large, max-video-preview:-1\" \/>\n<link rel=\"canonical\" href=\"https:\/\/bezaubernd.bayern\/en\/beratung-anprobe\/\" \/>\n<meta property=\"og:locale\" content=\"en_GB\" \/>\n<meta property=\"og:type\" content=\"article\" \/>\n<meta property=\"og:title\" content=\"Beratung\/Anprobe - Bezaubernd Bayern\" \/>\n<meta property=\"og:url\" content=\"https:\/\/bezaubernd.bayern\/en\/beratung-anprobe\/\" \/>\n<meta property=\"og:site_name\" content=\"Bezaubernd Bayern\" \/>\n<meta property=\"article:modified_time\" content=\"2026-04-16T12:27:52+00:00\" \/>\n<meta name=\"twitter:card\" content=\"summary_large_image\" \/>\n<script type=\"application\/ld+json\" class=\"yoast-schema-graph\">{\"@context\":\"https:\\\/\\\/schema.org\",\"@graph\":[{\"@type\":\"WebPage\",\"@id\":\"https:\\\/\\\/bezaubernd.bayern\\\/beratung-anprobe\\\/\",\"url\":\"https:\\\/\\\/bezaubernd.bayern\\\/beratung-anprobe\\\/\",\"name\":\"Beratung\\\/Anprobe - Bezaubernd Bayern\",\"isPartOf\":{\"@id\":\"https:\\\/\\\/bezaubernd.bayern\\\/#website\"},\"datePublished\":\"2025-12-17T13:02:48+00:00\",\"dateModified\":\"2026-04-16T12:27:52+00:00\",\"breadcrumb\":{\"@id\":\"https:\\\/\\\/bezaubernd.bayern\\\/beratung-anprobe\\\/#breadcrumb\"},\"inLanguage\":\"en-GB\",\"potentialAction\":[{\"@type\":\"ReadAction\",\"target\":[\"https:\\\/\\\/bezaubernd.bayern\\\/beratung-anprobe\\\/\"]}]},{\"@type\":\"BreadcrumbList\",\"@id\":\"https:\\\/\\\/bezaubernd.bayern\\\/beratung-anprobe\\\/#breadcrumb\",\"itemListElement\":[{\"@type\":\"ListItem\",\"position\":1,\"name\":\"Startseite\",\"item\":\"https:\\\/\\\/bezaubernd.bayern\\\/\"},{\"@type\":\"ListItem\",\"position\":2,\"name\":\"Beratung\\\/Anprobe\"}]},{\"@type\":\"WebSite\",\"@id\":\"https:\\\/\\\/bezaubernd.bayern\\\/#website\",\"url\":\"https:\\\/\\\/bezaubernd.bayern\\\/\",\"name\":\"Bezaubernd Bayern\",\"description\":\"f\u00fcr Dein Traumkleid, Deinen Moment und Dein Strahlen\",\"potentialAction\":[{\"@type\":\"SearchAction\",\"target\":{\"@type\":\"EntryPoint\",\"urlTemplate\":\"https:\\\/\\\/bezaubernd.bayern\\\/?s={search_term_string}\"},\"query-input\":{\"@type\":\"PropertyValueSpecification\",\"valueRequired\":true,\"valueName\":\"search_term_string\"}}],\"inLanguage\":\"en-GB\"}]}<\/script>\n<!-- \/ Yoast SEO plugin. -->","yoast_head_json":{"title":"Beratung\/Anprobe - Bezaubernd Bayern","robots":{"index":"index","follow":"follow","max-snippet":"max-snippet:-1","max-image-preview":"max-image-preview:large","max-video-preview":"max-video-preview:-1"},"canonical":"https:\/\/bezaubernd.bayern\/en\/beratung-anprobe\/","og_locale":"en_GB","og_type":"article","og_title":"Beratung\/Anprobe - Bezaubernd Bayern","og_url":"https:\/\/bezaubernd.bayern\/en\/beratung-anprobe\/","og_site_name":"Bezaubernd Bayern","article_modified_time":"2026-04-16T12:27:52+00:00","twitter_card":"summary_large_image","schema":{"@context":"https:\/\/schema.org","@graph":[{"@type":"WebPage","@id":"https:\/\/bezaubernd.bayern\/beratung-anprobe\/","url":"https:\/\/bezaubernd.bayern\/beratung-anprobe\/","name":"Beratung\/Anprobe - Bezaubernd Bayern","isPartOf":{"@id":"https:\/\/bezaubernd.bayern\/#website"},"datePublished":"2025-12-17T13:02:48+00:00","dateModified":"2026-04-16T12:27:52+00:00","breadcrumb":{"@id":"https:\/\/bezaubernd.bayern\/beratung-anprobe\/#breadcrumb"},"inLanguage":"en-GB","potentialAction":[{"@type":"ReadAction","target":["https:\/\/bezaubernd.bayern\/beratung-anprobe\/"]}]},{"@type":"BreadcrumbList","@id":"https:\/\/bezaubernd.bayern\/beratung-anprobe\/#breadcrumb","itemListElement":[{"@type":"ListItem","position":1,"name":"Startseite","item":"https:\/\/bezaubernd.bayern\/"},{"@type":"ListItem","position":2,"name":"Beratung\/Anprobe"}]},{"@type":"WebSite","@id":"https:\/\/bezaubernd.bayern\/#website","url":"https:\/\/bezaubernd.bayern\/","name":"Bezaubernd Bayern","description":"f\u00fcr Dein Traumkleid, Deinen Moment und Dein Strahlen","potentialAction":[{"@type":"SearchAction","target":{"@type":"EntryPoint","urlTemplate":"https:\/\/bezaubernd.bayern\/?s={search_term_string}"},"query-input":{"@type":"PropertyValueSpecification","valueRequired":true,"valueName":"search_term_string"}}],"inLanguage":"en-GB"}]}},"_links":{"self":[{"href":"https:\/\/bezaubernd.bayern\/en\/wp-json\/wp\/v2\/pages\/2758","targetHints":{"allow":["GET"]}}],"collection":[{"href":"https:\/\/bezaubernd.bayern\/en\/wp-json\/wp\/v2\/pages"}],"about":[{"href":"https:\/\/bezaubernd.bayern\/en\/wp-json\/wp\/v2\/types\/page"}],"author":[{"embeddable":true,"href":"https:\/\/bezaubernd.bayern\/en\/wp-json\/wp\/v2\/users\/3"}],"replies":[{"embeddable":true,"href":"https:\/\/bezaubernd.bayern\/en\/wp-json\/wp\/v2\/comments?post=2758"}],"version-history":[{"count":0,"href":"https:\/\/bezaubernd.bayern\/en\/wp-json\/wp\/v2\/pages\/2758\/revisions"}],"wp:attachment":[{"href":"https:\/\/bezaubernd.bayern\/en\/wp-json\/wp\/v2\/media?parent=2758"}],"curies":[{"name":"wp","href":"https:\/\/api.w.org\/{rel}","templated":true}]}}