
{"id":3909,"date":"2026-03-26T16:52:08","date_gmt":"2026-03-26T15:52:08","guid":{"rendered":"https:\/\/bezaubernd.bayern\/?page_id=3909"},"modified":"2026-04-02T08:45:15","modified_gmt":"2026-04-02T06:45:15","slug":"ueber-uns","status":"publish","type":"page","link":"https:\/\/bezaubernd.bayern\/cs\/ueber-uns\/","title":{"rendered":"O n\u00e1s"},"content":{"rendered":"<div class=\"row block-974847726 rmt rmb  row-small\">\n\n<div class=\"col col-12 col-lg-6 block-wysiwyg\">\n<div class=\"container-inhalt container-vertikal-oben\">\n    <h1  style=\"color:#735e37; text-align:left;\">O n\u00e1s<\/h1>\n    <p>bezaubernd je v\u00edc ne\u017e jen jm\u00e9no \u2013 je to n\u00e1\u0161 slib. bezaubernd p\u0159edstavuje svatebn\u00ed m\u00f3du, kter\u00e1 se dot\u00fdk\u00e1 srdce.<\/p>\n<p>V roce 2023 jsem p\u0159evzala tento obchod a od t\u00e9 doby spolu s m\u00fdm t\u00fdmem pom\u00e1h\u00e1me nev\u011bst\u00e1m v Mitterteichu a okol\u00ed naj\u00edt jejich vysn\u011bn\u00e9 \u0161aty.<\/p>\n<p>V\u011b\u0159\u00edme, \u017ee ka\u017ed\u00e9 \u0161aty, ka\u017ed\u00e1 konzultace a ka\u017ed\u00fd okam\u017eik si zaslou\u017e\u00ed n\u011bco opravdu v\u00fdjime\u010dn\u00e9ho. Na\u0161\u00edm c\u00edlem je poskytnout ka\u017ed\u00e9 nev\u011bst\u011b tak individu\u00e1ln\u00ed poradenstv\u00ed, aby se c\u00edtila nejen kr\u00e1sn\u00e1, ale i skute\u010dn\u011b okouzluj\u00edc\u00ed.<\/p>\n<p>Zjist\u011bte v\u00edce o n\u00e1s a o na\u0161\u00ed v\u00e1\u0161ni pro okouzluj\u00edc\u00ed svatebn\u00ed m\u00f3du:<\/p>\n<\/div><\/div>            <link rel=\"stylesheet\" type=\"text\/css\" href=\"https:\/\/bezaubernd.bayern\/wp-content\/themes\/boxed-theme\/includes\/blocks\/block_wysiwyg\/style.css\">\n            \n<div class=\"col col-12 col-lg-6 block-image\">\n\n        <div class=\"block-image\">\n            <img decoding=\"async\" src=\"https:\/\/bezaubernd.bayern\/wp-content\/uploads\/2026\/01\/Bezaubernd_Team_2025-8-scaled-960x1439.jpg\" class=\"desk-img\" alt=\"Desktop Version\">\n            <img decoding=\"async\" src=\"https:\/\/bezaubernd.bayern\/wp-content\/uploads\/2026\/01\/Bezaubernd_Team_2025-8-scaled-576x863.jpg\" class=\"mob-img\" alt=\"Mobile Version\">\n        <\/div>\n    <\/div>\n\n\n            <link rel=\"stylesheet\" type=\"text\/css\" href=\"https:\/\/bezaubernd.bayern\/wp-content\/themes\/boxed-theme\/includes\/blocks\/block_image\/style.css\">\n            \n<div class=\"col col-12 col-lg-12 block-trenner\" style=\"background:#ffffff;\">\n<div class=\"container-inhalt\"><\/div><\/div>            <link rel=\"stylesheet\" type=\"text\/css\" href=\"https:\/\/bezaubernd.bayern\/wp-content\/themes\/boxed-theme\/includes\/blocks\/block_trenner\/style.css\">\n            \n<div class=\"col col-12 col-lg-12 block-steckbrief\">\n<div class=\"container-inhalt container-vertikal-oben\"><div class=\"steckbrief-bild\"><img decoding=\"async\" src=\"https:\/\/bezaubernd.bayern\/wp-content\/uploads\/2026\/03\/Bezaubernd-104-frei-scaled.png\" alt=\"Melanie\"><\/div><div class=\"steckbrief-inhalt\"><h2 class=\"steckbrief-name\">Melanie<\/h2><div class=\"steckbrief-leitfaden\"><p>M\u00e1 r\u00e1da modern\u00ed svatebn\u00ed \u0161aty s t\u00edm spr\u00e1vn\u00fdm \u0161mrncem.<\/p>\n<\/div><div class=\"steckbrief-merkmale\"><div class=\"steckbrief-merkmal\"><img decoding=\"async\" class=\"merkmal-icon\" src=\"https:\/\/bezaubernd.bayern\/wp-content\/uploads\/2026\/01\/heart-solid-full-1-2.svg\" alt=\"Merkmal\"><span class=\"merkmal-text\">z\u00e1visl\u00fd na b\u011bh\u00e1n\u00ed<\/span><\/div><div class=\"steckbrief-merkmal\"><img decoding=\"async\" class=\"merkmal-icon\" src=\"https:\/\/bezaubernd.bayern\/wp-content\/uploads\/2026\/01\/heart-solid-full-1-2.svg\" alt=\"Merkmal\"><span class=\"merkmal-text\">miluje \u010dokol\u00e1du<\/span><\/div><div class=\"steckbrief-merkmal\"><img decoding=\"async\" class=\"merkmal-icon\" src=\"https:\/\/bezaubernd.bayern\/wp-content\/uploads\/2026\/01\/heart-solid-full-1-2.svg\" alt=\"Merkmal\"><span class=\"merkmal-text\">Nervozita<\/span><\/div><div class=\"steckbrief-merkmal\"><img decoding=\"async\" class=\"merkmal-icon\" src=\"https:\/\/bezaubernd.bayern\/wp-content\/uploads\/2026\/01\/heart-solid-full-1-2.svg\" alt=\"Merkmal\"><span class=\"merkmal-text\">spont\u00e1nn\u011b<\/span><\/div><div class=\"steckbrief-merkmal\"><img decoding=\"async\" class=\"merkmal-icon\" src=\"https:\/\/bezaubernd.bayern\/wp-content\/uploads\/2026\/01\/heart-solid-full-1-2.svg\" alt=\"Merkmal\"><span class=\"merkmal-text\">milovnice kon\u00ed<\/span><\/div><div class=\"steckbrief-merkmal\"><img decoding=\"async\" class=\"merkmal-icon\" src=\"https:\/\/bezaubernd.bayern\/wp-content\/uploads\/2026\/01\/heart-solid-full-1-2.svg\" alt=\"Merkmal\"><span class=\"merkmal-text\">\u010dlen t\u00fdmu<\/span><\/div><\/div><div class=\"steckbrief-kontakt\"><\/div><\/div><\/div><\/div>            <link rel=\"stylesheet\" type=\"text\/css\" href=\"https:\/\/bezaubernd.bayern\/wp-content\/themes\/boxed-theme\/includes\/blocks\/block_steckbrief\/style.css\">\n            \n<div class=\"col col-12 col-lg-12 block-trenner\" style=\"background:#ffffff;\">\n<div class=\"container-inhalt\"><hr class=\"block-trenner-linie\"><\/div><\/div>            <link rel=\"stylesheet\" type=\"text\/css\" href=\"https:\/\/bezaubernd.bayern\/wp-content\/themes\/boxed-theme\/includes\/blocks\/block_trenner\/style.css\">\n            \n<div class=\"col col-12 col-lg-12 block-steckbrief\">\n<div class=\"container-inhalt container-vertikal-oben\"><div class=\"steckbrief-bild\"><img decoding=\"async\" src=\"https:\/\/bezaubernd.bayern\/wp-content\/uploads\/2026\/03\/Bezaubernd-30-frei-scaled.png\" alt=\"Svenja\"><\/div><div class=\"steckbrief-inhalt\"><h2 class=\"steckbrief-name\">Svenja<\/h2><div class=\"steckbrief-leitfaden\"><p>M\u00e1 r\u00e1da \u0161aty s tylem, krajkou a flitry v barv\u011b slonov\u00e9 kosti.<\/p>\n<\/div><div class=\"steckbrief-merkmale\"><div class=\"steckbrief-merkmal\"><img decoding=\"async\" class=\"merkmal-icon\" src=\"https:\/\/bezaubernd.bayern\/wp-content\/uploads\/2026\/01\/heart-solid-full-1-2.svg\" alt=\"Merkmal\"><span class=\"merkmal-text\">knihomol<\/span><\/div><div class=\"steckbrief-merkmal\"><img decoding=\"async\" class=\"merkmal-icon\" src=\"https:\/\/bezaubernd.bayern\/wp-content\/uploads\/2026\/01\/heart-solid-full-1-2.svg\" alt=\"Merkmal\"><span class=\"merkmal-text\">Zumba nadchne<\/span><\/div><div class=\"steckbrief-merkmal\"><img decoding=\"async\" class=\"merkmal-icon\" src=\"https:\/\/bezaubernd.bayern\/wp-content\/uploads\/2026\/01\/heart-solid-full-1-2.svg\" alt=\"Merkmal\"><span class=\"merkmal-text\">Seri\u00e1lov\u00fd fanou\u0161ek<\/span><\/div><div class=\"steckbrief-merkmal\"><img decoding=\"async\" class=\"merkmal-icon\" src=\"https:\/\/bezaubernd.bayern\/wp-content\/uploads\/2026\/01\/heart-solid-full-1-2.svg\" alt=\"Merkmal\"><span class=\"merkmal-text\">Mami<\/span><\/div><div class=\"steckbrief-merkmal\"><img decoding=\"async\" class=\"merkmal-icon\" src=\"https:\/\/bezaubernd.bayern\/wp-content\/uploads\/2026\/01\/heart-solid-full-1-2.svg\" alt=\"Merkmal\"><span class=\"merkmal-text\">kreativn\u00ed<\/span><\/div><div class=\"steckbrief-merkmal\"><img decoding=\"async\" class=\"merkmal-icon\" src=\"https:\/\/bezaubernd.bayern\/wp-content\/uploads\/2026\/01\/heart-solid-full-1-2.svg\" alt=\"Merkmal\"><span class=\"merkmal-text\">26 let<\/span><\/div><\/div><div class=\"steckbrief-kontakt\"><\/div><\/div><\/div><\/div>            <link rel=\"stylesheet\" type=\"text\/css\" href=\"https:\/\/bezaubernd.bayern\/wp-content\/themes\/boxed-theme\/includes\/blocks\/block_steckbrief\/style.css\">\n            \n<div class=\"col col-12 col-lg-12 block-trenner\" style=\"background:#ffffff;\">\n<div class=\"container-inhalt\"><\/div><\/div>            <link rel=\"stylesheet\" type=\"text\/css\" href=\"https:\/\/bezaubernd.bayern\/wp-content\/themes\/boxed-theme\/includes\/blocks\/block_trenner\/style.css\">\n            \n<div class=\"col col-12 col-lg-12 block-steckbrief\">\n<div class=\"container-inhalt container-vertikal-oben\"><div class=\"steckbrief-bild\"><img decoding=\"async\" src=\"https:\/\/bezaubernd.bayern\/wp-content\/uploads\/2026\/03\/Bezaubernd-61-frei-1-scaled.png\" alt=\"Monika\"><\/div><div class=\"steckbrief-inhalt\"><h2 class=\"steckbrief-name\">Monika<\/h2><div class=\"steckbrief-leitfaden\"><p>Svatebn\u00ed \u0161aty: Z\u00e1le\u017e\u00ed pouze na p\u0159\u00e1n\u00ed m\u00fdch z\u00e1kaznic, v\u0161e ostatn\u00ed p\u0159izp\u016fsob\u00edm.<\/p>\n<\/div><div class=\"steckbrief-merkmale\"><div class=\"steckbrief-merkmal\"><img decoding=\"async\" class=\"merkmal-icon\" src=\"https:\/\/bezaubernd.bayern\/wp-content\/uploads\/2026\/01\/heart-solid-full-1-2.svg\" alt=\"Merkmal\"><span class=\"merkmal-text\">Mistrn\u00e1 \u0161vadlena s \u2764<\/span><\/div><div class=\"steckbrief-merkmal\"><img decoding=\"async\" class=\"merkmal-icon\" src=\"https:\/\/bezaubernd.bayern\/wp-content\/uploads\/2026\/01\/heart-solid-full-1-2.svg\" alt=\"Merkmal\"><span class=\"merkmal-text\">Milovnice \u010daje, kter\u00e1 p\u0159e\u0161la na k\u00e1vu<\/span><\/div><div class=\"steckbrief-merkmal\"><img decoding=\"async\" class=\"merkmal-icon\" src=\"https:\/\/bezaubernd.bayern\/wp-content\/uploads\/2026\/01\/heart-solid-full-1-2.svg\" alt=\"Merkmal\"><span class=\"merkmal-text\">Voln\u00fd \u010das u mo\u0159e \u2013 velmi obl\u00edben\u00e9 je i Severn\u00ed mo\u0159e <\/span><\/div><div class=\"steckbrief-merkmal\"><img decoding=\"async\" class=\"merkmal-icon\" src=\"https:\/\/bezaubernd.bayern\/wp-content\/uploads\/2026\/01\/heart-solid-full-1-2.svg\" alt=\"Merkmal\"><span class=\"merkmal-text\">fanou\u0161ek biatlonu<\/span><\/div><\/div><div class=\"steckbrief-kontakt\"><\/div><\/div><\/div><\/div>            <link rel=\"stylesheet\" type=\"text\/css\" href=\"https:\/\/bezaubernd.bayern\/wp-content\/themes\/boxed-theme\/includes\/blocks\/block_steckbrief\/style.css\">\n            \n<div class=\"col col-12 col-lg-12 block-trenner\">\n<div class=\"container-inhalt\"><\/div><\/div>            <link rel=\"stylesheet\" type=\"text\/css\" href=\"https:\/\/bezaubernd.bayern\/wp-content\/themes\/boxed-theme\/includes\/blocks\/block_trenner\/style.css\">\n            \n<div class=\"col col-12 col-lg-12 block-steckbrief\">\n<div class=\"container-inhalt container-vertikal-oben\"><div class=\"steckbrief-bild\"><img decoding=\"async\" src=\"https:\/\/bezaubernd.bayern\/wp-content\/uploads\/2026\/03\/Bezaubernd-78-frei-scaled.png\" alt=\"Pavla\"><\/div><div class=\"steckbrief-inhalt\"><h2 class=\"steckbrief-name\">Pavla<\/h2><div class=\"steckbrief-leitfaden\"><p>Mysl\u00edm si, \u017ee nejkr\u00e1sn\u011bj\u0161\u00ed jsou \u0161aty, kter\u00e9 odr\u00e1\u017eej\u00ed osobnost nev\u011bsty a ve kter\u00fdch se c\u00edt\u00ed naprosto p\u0159irozen\u011b.<\/p>\n<\/div><div class=\"steckbrief-merkmale\"><div class=\"steckbrief-merkmal\"><img decoding=\"async\" class=\"merkmal-icon\" src=\"https:\/\/bezaubernd.bayern\/wp-content\/uploads\/2026\/01\/heart-solid-full-1-2.svg\" alt=\"Merkmal\"><span class=\"merkmal-text\">K\u00e1va + \u010dokol\u00e1da = palivo.<\/span><\/div><div class=\"steckbrief-merkmal\"><img decoding=\"async\" class=\"merkmal-icon\" src=\"https:\/\/bezaubernd.bayern\/wp-content\/uploads\/2026\/01\/heart-solid-full-1-2.svg\" alt=\"Merkmal\"><span class=\"merkmal-text\">Kytara: V\u011b\u010dn\u00e1 za\u010d\u00e1te\u010dnice.<\/span><\/div><div class=\"steckbrief-merkmal\"><img decoding=\"async\" class=\"merkmal-icon\" src=\"https:\/\/bezaubernd.bayern\/wp-content\/uploads\/2026\/01\/heart-solid-full-1-2.svg\" alt=\"Merkmal\"><span class=\"merkmal-text\">M\u00e1ma v jednom kuse \u2013 voln\u00fd \u010das, co to je?<\/span><\/div><div class=\"steckbrief-merkmal\"><img decoding=\"async\" class=\"merkmal-icon\" src=\"https:\/\/bezaubernd.bayern\/wp-content\/uploads\/2026\/01\/heart-solid-full-1-2.svg\" alt=\"Merkmal\"><span class=\"merkmal-text\">V\u00e1\u0161e\u0148 pro \u0161it\u00ed s citem pro detail.<\/span><\/div><div class=\"steckbrief-merkmal\"><img decoding=\"async\" class=\"merkmal-icon\" src=\"https:\/\/bezaubernd.bayern\/wp-content\/uploads\/2026\/01\/heart-solid-full-1-2.svg\" alt=\"Merkmal\"><span class=\"merkmal-text\">V sou\u010dasn\u00e9 dob\u011b: meditace \u2013 j\u00f3ga se p\u0159ipravuje.<\/span><\/div><\/div><div class=\"steckbrief-kontakt\"><\/div><\/div><\/div><\/div>            <link rel=\"stylesheet\" type=\"text\/css\" href=\"https:\/\/bezaubernd.bayern\/wp-content\/themes\/boxed-theme\/includes\/blocks\/block_steckbrief\/style.css\">\n            \n<div class=\"col col-12 col-lg-12 block-trenner\">\n<div class=\"container-inhalt\"><\/div><\/div>            <link rel=\"stylesheet\" type=\"text\/css\" href=\"https:\/\/bezaubernd.bayern\/wp-content\/themes\/boxed-theme\/includes\/blocks\/block_trenner\/style.css\">\n            \n<div class=\"col col-12 col-lg-12 block-steckbrief\">\n<div class=\"container-inhalt container-vertikal-oben\"><div class=\"steckbrief-bild\"><img decoding=\"async\" src=\"https:\/\/bezaubernd.bayern\/wp-content\/uploads\/2026\/03\/Bezaubernd-14-frei-scaled.png\" alt=\"Iris\"><\/div><div class=\"steckbrief-inhalt\"><h2 class=\"steckbrief-name\">Iris<\/h2><div class=\"steckbrief-leitfaden\"><p>M\u00e1 r\u00e1da \u0161aty s krajkou ve stylu boho a ze \u0161ifonu \u010di tylu, ale tak\u00e9 jednoduch\u00e9 modely.<\/p>\n<\/div><div class=\"steckbrief-merkmale\"><div class=\"steckbrief-merkmal\"><img decoding=\"async\" class=\"merkmal-icon\" src=\"https:\/\/bezaubernd.bayern\/wp-content\/uploads\/2026\/01\/heart-solid-full-1-2.svg\" alt=\"Merkmal\"><span class=\"merkmal-text\">Sportovn\u00ed nad\u0161enec<\/span><\/div><div class=\"steckbrief-merkmal\"><img decoding=\"async\" class=\"merkmal-icon\" src=\"https:\/\/bezaubernd.bayern\/wp-content\/uploads\/2026\/01\/heart-solid-full-1-2.svg\" alt=\"Merkmal\"><span class=\"merkmal-text\">miluje harmonii<\/span><\/div><div class=\"steckbrief-merkmal\"><img decoding=\"async\" class=\"merkmal-icon\" src=\"https:\/\/bezaubernd.bayern\/wp-content\/uploads\/2026\/01\/heart-solid-full-1-2.svg\" alt=\"Merkmal\"><span class=\"merkmal-text\">trochu neohraban\u00fd<\/span><\/div><div class=\"steckbrief-merkmal\"><img decoding=\"async\" class=\"merkmal-icon\" src=\"https:\/\/bezaubernd.bayern\/wp-content\/uploads\/2026\/01\/heart-solid-full-1-2.svg\" alt=\"Merkmal\"><span class=\"merkmal-text\">hraje na klav\u00edr<\/span><\/div><div class=\"steckbrief-merkmal\"><img decoding=\"async\" class=\"merkmal-icon\" src=\"https:\/\/bezaubernd.bayern\/wp-content\/uploads\/2026\/01\/heart-solid-full-1-2.svg\" alt=\"Merkmal\"><span class=\"merkmal-text\">r\u00e1da chod\u00ed nakupovat<\/span><\/div><div class=\"steckbrief-merkmal\"><img decoding=\"async\" class=\"merkmal-icon\" src=\"https:\/\/bezaubernd.bayern\/wp-content\/uploads\/2026\/01\/heart-solid-full-1-2.svg\" alt=\"Merkmal\"><span class=\"merkmal-text\">milovnice p\u0159\u00edrody<\/span><\/div><\/div><div class=\"steckbrief-kontakt\"><\/div><\/div><\/div><\/div>            <link rel=\"stylesheet\" type=\"text\/css\" href=\"https:\/\/bezaubernd.bayern\/wp-content\/themes\/boxed-theme\/includes\/blocks\/block_steckbrief\/style.css\">\n            \n<div class=\"col col-12 col-lg-12 block-trenner\">\n<div class=\"container-inhalt\"><\/div><\/div>            <link rel=\"stylesheet\" type=\"text\/css\" href=\"https:\/\/bezaubernd.bayern\/wp-content\/themes\/boxed-theme\/includes\/blocks\/block_trenner\/style.css\">\n            \n<div class=\"col col-12 col-lg-12 block-steckbrief\">\n<div class=\"container-inhalt container-vertikal-oben\"><div class=\"steckbrief-bild\"><img decoding=\"async\" src=\"https:\/\/bezaubernd.bayern\/wp-content\/uploads\/2026\/03\/Liudmyla-freigestellt-scaled.png\" alt=\"Liudmyla\"><\/div><div class=\"steckbrief-inhalt\"><h2 class=\"steckbrief-name\">Liudmyla<\/h2><div class=\"steckbrief-leitfaden\"><p>M\u00e1m moc r\u00e1da svatebn\u00ed \u0161aty v \u0159eck\u00e9m stylu. Miluji minimalismus. Mohou b\u00fdt z hedv\u00e1b\u00ed nebo z lehk\u00fdch, vzdu\u0161n\u00fdch l\u00e1tek.<\/p>\n<\/div><div class=\"steckbrief-merkmale\"><div class=\"steckbrief-merkmal\"><img decoding=\"async\" class=\"merkmal-icon\" src=\"https:\/\/bezaubernd.bayern\/wp-content\/uploads\/2026\/01\/heart-solid-full-1-2.svg\" alt=\"Merkmal\"><span class=\"merkmal-text\">L\u00e1ska k \u0161it\u00ed<\/span><\/div><div class=\"steckbrief-merkmal\"><img decoding=\"async\" class=\"merkmal-icon\" src=\"https:\/\/bezaubernd.bayern\/wp-content\/uploads\/2026\/01\/heart-solid-full-1-2.svg\" alt=\"Merkmal\"><span class=\"merkmal-text\">r\u00e1da va\u0159\u00ed podle nov\u00fdch recept\u016f<\/span><\/div><div class=\"steckbrief-merkmal\"><img decoding=\"async\" class=\"merkmal-icon\" src=\"https:\/\/bezaubernd.bayern\/wp-content\/uploads\/2026\/01\/heart-solid-full-1-2.svg\" alt=\"Merkmal\"><span class=\"merkmal-text\">r\u00e1da se proch\u00e1z\u00ed v p\u0159\u00edrod\u011b<\/span><\/div><div class=\"steckbrief-merkmal\"><img decoding=\"async\" class=\"merkmal-icon\" src=\"https:\/\/bezaubernd.bayern\/wp-content\/uploads\/2026\/01\/heart-solid-full-1-2.svg\" alt=\"Merkmal\"><span class=\"merkmal-text\">r\u00e1da se l\u00ed\u010d\u00ed<\/span><\/div><div class=\"steckbrief-merkmal\"><img decoding=\"async\" class=\"merkmal-icon\" src=\"https:\/\/bezaubernd.bayern\/wp-content\/uploads\/2026\/01\/heart-solid-full-1-2.svg\" alt=\"Merkmal\"><span class=\"merkmal-text\">je pestr\u00e9 a kreativn\u00ed<\/span><\/div><\/div><div class=\"steckbrief-kontakt\"><\/div><\/div><\/div><\/div>            <link rel=\"stylesheet\" type=\"text\/css\" href=\"https:\/\/bezaubernd.bayern\/wp-content\/themes\/boxed-theme\/includes\/blocks\/block_steckbrief\/style.css\">\n            \n<div class=\"col col-12 col-lg-12 block-trenner\">\n<div class=\"container-inhalt\"><\/div><\/div>            <link rel=\"stylesheet\" type=\"text\/css\" href=\"https:\/\/bezaubernd.bayern\/wp-content\/themes\/boxed-theme\/includes\/blocks\/block_trenner\/style.css\">\n            \n<div class=\"col col-12 col-lg-12 block-steckbrief\">\n<div class=\"container-inhalt container-vertikal-oben\"><div class=\"steckbrief-bild\"><img decoding=\"async\" src=\"https:\/\/bezaubernd.bayern\/wp-content\/uploads\/2026\/03\/rebecca-freigestellt-1-scaled.png\" alt=\"Rebecca\"><\/div><div class=\"steckbrief-inhalt\"><h2 class=\"steckbrief-name\">Rebecca<\/h2><div class=\"steckbrief-leitfaden\"><p>Milovnice vintage stylu s citem pro v\u00fdjime\u010dn\u00e9 kousky.<\/p>\n<\/div><div class=\"steckbrief-merkmale\"><div class=\"steckbrief-merkmal\"><img decoding=\"async\" class=\"merkmal-icon\" src=\"https:\/\/bezaubernd.bayern\/wp-content\/uploads\/2026\/01\/heart-solid-full-1-2.svg\" alt=\"Merkmal\"><span class=\"merkmal-text\">S citem pro styl a l\u00e1skou k m\u00f3d\u011b<\/span><\/div><div class=\"steckbrief-merkmal\"><img decoding=\"async\" class=\"merkmal-icon\" src=\"https:\/\/bezaubernd.bayern\/wp-content\/uploads\/2026\/01\/heart-solid-full-1-2.svg\" alt=\"Merkmal\"><span class=\"merkmal-text\">Vegetari\u00e1n z p\u0159esv\u011bd\u010den\u00ed<\/span><\/div><div class=\"steckbrief-merkmal\"><img decoding=\"async\" class=\"merkmal-icon\" src=\"https:\/\/bezaubernd.bayern\/wp-content\/uploads\/2026\/01\/heart-solid-full-1-2.svg\" alt=\"Merkmal\"><span class=\"merkmal-text\">Milovnice zv\u00ed\u0159at s velk\u00fdm srdcem <\/span><\/div><div class=\"steckbrief-merkmal\"><img decoding=\"async\" class=\"merkmal-icon\" src=\"https:\/\/bezaubernd.bayern\/wp-content\/uploads\/2026\/01\/heart-solid-full-1-2.svg\" alt=\"Merkmal\"><span class=\"merkmal-text\">V\u017edy v sob\u011b nese pozitivn\u00ed energii <\/span><\/div><div class=\"steckbrief-merkmal\"><img decoding=\"async\" class=\"merkmal-icon\" src=\"https:\/\/bezaubernd.bayern\/wp-content\/uploads\/2026\/01\/heart-solid-full-1-2.svg\" alt=\"Merkmal\"><span class=\"merkmal-text\">Najd\u011bte \u0161t\u011bst\u00ed na pl\u00e1\u017ei a u mo\u0159e <\/span><\/div><\/div><div class=\"steckbrief-kontakt\"><\/div><\/div><\/div><\/div>            <link rel=\"stylesheet\" type=\"text\/css\" href=\"https:\/\/bezaubernd.bayern\/wp-content\/themes\/boxed-theme\/includes\/blocks\/block_steckbrief\/style.css\">\n            \n<div class=\"col col-12 col-lg-12 block-trenner\">\n<div class=\"container-inhalt\"><\/div><\/div>            <link rel=\"stylesheet\" type=\"text\/css\" href=\"https:\/\/bezaubernd.bayern\/wp-content\/themes\/boxed-theme\/includes\/blocks\/block_trenner\/style.css\">\n            <\/div>","protected":false},"excerpt":{"rendered":"","protected":false},"author":3,"featured_media":0,"parent":0,"menu_order":0,"comment_status":"closed","ping_status":"closed","template":"page-standard.php","meta":{"_acf_changed":false,"footnotes":""},"class_list":["post-3909","page","type-page","status-publish","hentry"],"acf":[],"yoast_head":"<!-- This site is optimized with the Yoast SEO plugin v27.3 - https:\/\/yoast.com\/product\/yoast-seo-wordpress\/ -->\n<title>\u00dcber uns - Bezaubernd Bayern<\/title>\n<meta name=\"robots\" content=\"index, follow, max-snippet:-1, max-image-preview:large, max-video-preview:-1\" \/>\n<link rel=\"canonical\" href=\"https:\/\/bezaubernd.bayern\/cs\/ueber-uns\/\" \/>\n<meta property=\"og:locale\" content=\"cs_CZ\" \/>\n<meta property=\"og:type\" content=\"article\" \/>\n<meta property=\"og:title\" content=\"\u00dcber uns - Bezaubernd Bayern\" \/>\n<meta property=\"og:url\" content=\"https:\/\/bezaubernd.bayern\/cs\/ueber-uns\/\" \/>\n<meta property=\"og:site_name\" content=\"Bezaubernd Bayern\" \/>\n<meta property=\"article:modified_time\" content=\"2026-04-02T06:45:15+00:00\" \/>\n<meta name=\"twitter:card\" content=\"summary_large_image\" \/>\n<script type=\"application\/ld+json\" class=\"yoast-schema-graph\">{\"@context\":\"https:\\\/\\\/schema.org\",\"@graph\":[{\"@type\":\"WebPage\",\"@id\":\"https:\\\/\\\/bezaubernd.bayern\\\/ueber-uns\\\/\",\"url\":\"https:\\\/\\\/bezaubernd.bayern\\\/ueber-uns\\\/\",\"name\":\"\u00dcber uns - Bezaubernd Bayern\",\"isPartOf\":{\"@id\":\"https:\\\/\\\/bezaubernd.bayern\\\/#website\"},\"datePublished\":\"2026-03-26T15:52:08+00:00\",\"dateModified\":\"2026-04-02T06:45:15+00:00\",\"breadcrumb\":{\"@id\":\"https:\\\/\\\/bezaubernd.bayern\\\/ueber-uns\\\/#breadcrumb\"},\"inLanguage\":\"cs\",\"potentialAction\":[{\"@type\":\"ReadAction\",\"target\":[\"https:\\\/\\\/bezaubernd.bayern\\\/ueber-uns\\\/\"]}]},{\"@type\":\"BreadcrumbList\",\"@id\":\"https:\\\/\\\/bezaubernd.bayern\\\/ueber-uns\\\/#breadcrumb\",\"itemListElement\":[{\"@type\":\"ListItem\",\"position\":1,\"name\":\"Startseite\",\"item\":\"https:\\\/\\\/bezaubernd.bayern\\\/\"},{\"@type\":\"ListItem\",\"position\":2,\"name\":\"\u00dcber uns\"}]},{\"@type\":\"WebSite\",\"@id\":\"https:\\\/\\\/bezaubernd.bayern\\\/#website\",\"url\":\"https:\\\/\\\/bezaubernd.bayern\\\/\",\"name\":\"Bezaubernd Bayern\",\"description\":\"f\u00fcr Dein Traumkleid, Deinen Moment und Dein Strahlen\",\"potentialAction\":[{\"@type\":\"SearchAction\",\"target\":{\"@type\":\"EntryPoint\",\"urlTemplate\":\"https:\\\/\\\/bezaubernd.bayern\\\/?s={search_term_string}\"},\"query-input\":{\"@type\":\"PropertyValueSpecification\",\"valueRequired\":true,\"valueName\":\"search_term_string\"}}],\"inLanguage\":\"cs\"}]}<\/script>\n<!-- \/ Yoast SEO plugin. -->","yoast_head_json":{"title":"\u00dcber uns - Bezaubernd Bayern","robots":{"index":"index","follow":"follow","max-snippet":"max-snippet:-1","max-image-preview":"max-image-preview:large","max-video-preview":"max-video-preview:-1"},"canonical":"https:\/\/bezaubernd.bayern\/cs\/ueber-uns\/","og_locale":"cs_CZ","og_type":"article","og_title":"\u00dcber uns - Bezaubernd Bayern","og_url":"https:\/\/bezaubernd.bayern\/cs\/ueber-uns\/","og_site_name":"Bezaubernd Bayern","article_modified_time":"2026-04-02T06:45:15+00:00","twitter_card":"summary_large_image","schema":{"@context":"https:\/\/schema.org","@graph":[{"@type":"WebPage","@id":"https:\/\/bezaubernd.bayern\/ueber-uns\/","url":"https:\/\/bezaubernd.bayern\/ueber-uns\/","name":"\u00dcber uns - Bezaubernd Bayern","isPartOf":{"@id":"https:\/\/bezaubernd.bayern\/#website"},"datePublished":"2026-03-26T15:52:08+00:00","dateModified":"2026-04-02T06:45:15+00:00","breadcrumb":{"@id":"https:\/\/bezaubernd.bayern\/ueber-uns\/#breadcrumb"},"inLanguage":"cs","potentialAction":[{"@type":"ReadAction","target":["https:\/\/bezaubernd.bayern\/ueber-uns\/"]}]},{"@type":"BreadcrumbList","@id":"https:\/\/bezaubernd.bayern\/ueber-uns\/#breadcrumb","itemListElement":[{"@type":"ListItem","position":1,"name":"Startseite","item":"https:\/\/bezaubernd.bayern\/"},{"@type":"ListItem","position":2,"name":"\u00dcber uns"}]},{"@type":"WebSite","@id":"https:\/\/bezaubernd.bayern\/#website","url":"https:\/\/bezaubernd.bayern\/","name":"Bezaubernd Bayern","description":"f\u00fcr Dein Traumkleid, Deinen Moment und Dein Strahlen","potentialAction":[{"@type":"SearchAction","target":{"@type":"EntryPoint","urlTemplate":"https:\/\/bezaubernd.bayern\/?s={search_term_string}"},"query-input":{"@type":"PropertyValueSpecification","valueRequired":true,"valueName":"search_term_string"}}],"inLanguage":"cs"}]}},"_links":{"self":[{"href":"https:\/\/bezaubernd.bayern\/cs\/wp-json\/wp\/v2\/pages\/3909","targetHints":{"allow":["GET"]}}],"collection":[{"href":"https:\/\/bezaubernd.bayern\/cs\/wp-json\/wp\/v2\/pages"}],"about":[{"href":"https:\/\/bezaubernd.bayern\/cs\/wp-json\/wp\/v2\/types\/page"}],"author":[{"embeddable":true,"href":"https:\/\/bezaubernd.bayern\/cs\/wp-json\/wp\/v2\/users\/3"}],"replies":[{"embeddable":true,"href":"https:\/\/bezaubernd.bayern\/cs\/wp-json\/wp\/v2\/comments?post=3909"}],"version-history":[{"count":0,"href":"https:\/\/bezaubernd.bayern\/cs\/wp-json\/wp\/v2\/pages\/3909\/revisions"}],"wp:attachment":[{"href":"https:\/\/bezaubernd.bayern\/cs\/wp-json\/wp\/v2\/media?parent=3909"}],"curies":[{"name":"wp","href":"https:\/\/api.w.org\/{rel}","templated":true}]}}