
{"id":2993,"date":"2026-01-07T15:37:47","date_gmt":"2026-01-07T14:37:47","guid":{"rendered":"http:\/\/bezaubernd.bayern\/?page_id=2993"},"modified":"2026-04-16T14:27:18","modified_gmt":"2026-04-16T12:27:18","slug":"kollektionen","status":"publish","type":"page","link":"https:\/\/bezaubernd.bayern\/cs\/kollektionen\/","title":{"rendered":"Kolekce"},"content":{"rendered":"<div class=\"row block-1910694639  row-small-back-overfl no-overflow background-color-and-brightness-10\" style=\"background:#dd9933;\">\n\n<div class=\"col col-12 col-lg-6 block-kollektions-kategorien\">\n<div class=\"kollektions-kategorien\"><a href=\"https:\/\/bezaubernd.bayern\/cs\/kollektionen\/brautkleider\/\" class=\"kategorie-item\"><img decoding=\"async\" src=\"https:\/\/bezaubernd.bayern\/wp-content\/uploads\/2026\/01\/image-25.svg\" alt=\"Brautkleider\"><h3>Svatebn\u00ed \u0161aty<\/h3><\/a><a href=\"https:\/\/bezaubernd.bayern\/cs\/kollektionen\/curvy-bride\/\" class=\"kategorie-item\"><img decoding=\"async\" src=\"https:\/\/bezaubernd.bayern\/wp-content\/uploads\/2026\/01\/image-21.svg\" alt=\"Curvy Bride\"><h3>K\u0159ivky nev\u011bsty<\/h3><\/a><a href=\"https:\/\/bezaubernd.bayern\/cs\/kollektionen\/dirndl\/\" class=\"kategorie-item\"><img decoding=\"async\" src=\"https:\/\/bezaubernd.bayern\/wp-content\/uploads\/2026\/01\/image-22.svg\" alt=\"Dirndl\"><h3>dirndl<\/h3><\/a><a href=\"https:\/\/bezaubernd.bayern\/cs\/kollektionen\/standesamt\/\" class=\"kategorie-item\"><img decoding=\"async\" src=\"https:\/\/bezaubernd.bayern\/wp-content\/uploads\/2026\/01\/Rectangle-91.svg\" alt=\"Standesamt\"><h3>matri\u010dn\u00ed \u00fa\u0159ad<\/h3><\/a><a href=\"https:\/\/bezaubernd.bayern\/cs\/kollektionen\/abendkleider\/\" class=\"kategorie-item\"><img decoding=\"async\" src=\"https:\/\/bezaubernd.bayern\/wp-content\/uploads\/2026\/01\/Rectangle-72.svg\" alt=\"Abendkleider\"><h3>Ve\u010dern\u00ed \u0161aty<\/h3><\/a><a href=\"https:\/\/bezaubernd.bayern\/cs\/kollektionen\/accessoires\/\" class=\"kategorie-item\"><img decoding=\"async\" src=\"https:\/\/bezaubernd.bayern\/wp-content\/uploads\/2026\/01\/image-24.svg\" alt=\"Accessoires\"><h3>Dopl\u0148ky<\/h3><\/a><\/div><\/div>            <link rel=\"stylesheet\" type=\"text\/css\" href=\"https:\/\/bezaubernd.bayern\/wp-content\/themes\/boxed-theme\/includes\/blocks\/block_kollektions_kategorien\/style.css\">\n            \n<div class=\"col col-12 col-lg-6 block-wysiwyg\">\n<div class=\"container-inhalt container-vertikal-oben\">\n    <h1  style=\"color:#735e37; text-align:left;\">Na\u0161e kolekce<\/h1>\n    <p>Objevte exkluzivn\u00ed svatebn\u00ed \u0161aty v obchod\u011b bezaubernd v Mitterteichu \u2013 va\u0161em specializovan\u00e9m obchod\u011b se stylovou a origin\u00e1ln\u00ed svatebn\u00ed m\u00f3dou.<\/p>\n<p>U n\u00e1s na tebe \u010dekaj\u00ed ty nejkvalitn\u011bj\u0161\u00ed l\u00e1tky, elegantn\u00ed st\u0159ihy a pe\u010dliv\u011b propracovan\u00e9 detaily, d\u00edky kter\u00fdm bude\u0161 v den svatby vypadat dokonale.<\/p>\n<p>Na\u0161e kolekce zahrnuj\u00ed \u0161irok\u00fd v\u00fdb\u011br romantick\u00fdch svatebn\u00edch \u0161at\u016f ve stylu boho s jemnou krajkou, p\u016fvabn\u00fdch vintage model\u016f a\u017e po modern\u00ed st\u0159ihy v r\u016fzn\u00fdch stylech. Krom\u011b toho u n\u00e1s najde\u0161 vhodnou m\u00f3du pro civiln\u00ed ob\u0159ad, stylov\u00e9 dirndly, elegantn\u00ed ve\u010dern\u00ed a plesov\u00e9 \u0161aty a kvalitn\u00ed svatebn\u00ed dopl\u0148ky.<\/p>\n<p>S v\u00edce ne\u017e 400 \u0161aty p\u0159\u00edmo v Mitterteichu ti nab\u00edz\u00edme mimo\u0159\u00e1dn\u011b \u0161irok\u00fd v\u00fdb\u011br \u2013 v\u010detn\u011b mnoha n\u00e1dhern\u00fdch svatebn\u00edch \u0161at\u016f pro pln\u011bj\u0161\u00ed postavy ve velk\u00fdch velikostech, kter\u00e9 dokonale podtrhnou ka\u017edou postavu.<\/p>\n<p>Na\u0161e online galerie p\u0159edstavuj\u00ed pouze malou \u010d\u00e1st na\u0161eho skute\u010dn\u00e9ho sortimentu v obchod\u011b. Pokud tedy hled\u00e1\u0161 oble\u010den\u00ed pro nejkr\u00e1sn\u011bj\u0161\u00ed den v \u017eivot\u011b v oblasti Mitterteich, Horn\u00edho Falcka nebo severn\u00edho Bavorska, u n\u00e1s jsi na spr\u00e1vn\u00e9m m\u00edst\u011b.<\/p>\n<p>Zde najde\u0161 \u0161aty, kter\u00e9 podtrhnou tvou osobnost.<\/p>\n \n      <div class=\"block-links\" style=\"text-align:left;\"><a class=\"btn btn-primary  hero-link-first\" href=\"http:\/\/bezaubernd.bayern\/cs\/kontakt\/\" target=\"\">KONTAKTUJTE N\u00c1S NYN\u00cd<\/a><a class=\"btn btn-small hero-link-second\" href=\"https:\/\/wa.me\/+491733537401\" target=\"\"><img decoding=\"async\" src=\"https:\/\/bezaubernd.bayern\/wp-content\/uploads\/2025\/12\/whatsapp-brands-solid-full-1.svg\"><\/a>\n      <\/div>\n  <\/div><\/div>            <link rel=\"stylesheet\" type=\"text\/css\" href=\"https:\/\/bezaubernd.bayern\/wp-content\/themes\/boxed-theme\/includes\/blocks\/block_wysiwyg\/style.css\">\n            <\/div>\n\n\n<div class=\"row block-303150496 rmt rmb  row-small\">\n\n    <h1 style=\"color:#735e37; text-align:center;\">Na\u0161e zna\u010dky<\/h1>\n    \n<div class=\"col col-12 col-lg- block-splide-slider-adjustable\">\n\n        <div class=\"splide adjustable-slider splide-slider-number-6\" role=\"group\" data-splide='{\"perPage\":4,\"type\":\"loop\",\"arrows\":true,\"pagination\":false,\"autoplay\":true,\"interval\":3000,\"gap\":\"20px\",\"breakpoints\":{\"991\":{\"perPage\":1,\"focus\":0},\"1400\":{\"perPage\":3,\"focus\":0}}}'>\n            <div class=\"splide__track adjustable-slider-track\">\n                <ul class=\"splide__list adjustable-slider\">\n        <li class=\"splide__slide splide-slider-adjustable-items\">\n                    <img decoding=\"async\" class=\"block-splide-slider-adjustable-image\" src=\"https:\/\/bezaubernd.bayern\/wp-content\/uploads\/2026\/03\/Amelie.png\" alt=\"\" >\n                    <!-- <p><\/p> -->\n                  <\/li><li class=\"splide__slide splide-slider-adjustable-items\">\n                    <img decoding=\"async\" class=\"block-splide-slider-adjustable-image\" src=\"https:\/\/bezaubernd.bayern\/wp-content\/uploads\/2026\/03\/Anna-Sposa-2.png\" alt=\"\" >\n                    <!-- <p><\/p> -->\n                  <\/li><li class=\"splide__slide splide-slider-adjustable-items\">\n                    <img decoding=\"async\" class=\"block-splide-slider-adjustable-image\" src=\"https:\/\/bezaubernd.bayern\/wp-content\/uploads\/2026\/03\/bianco-evento-1.png\" alt=\"\" >\n                    <!-- <p><\/p> -->\n                  <\/li><li class=\"splide__slide splide-slider-adjustable-items\">\n                    <img decoding=\"async\" class=\"block-splide-slider-adjustable-image\" src=\"https:\/\/bezaubernd.bayern\/wp-content\/uploads\/2026\/03\/Elisabeth-Passion-1.png\" alt=\"\" >\n                    <!-- <p><\/p> -->\n                  <\/li><li class=\"splide__slide splide-slider-adjustable-items\">\n                    <img decoding=\"async\" class=\"block-splide-slider-adjustable-image\" src=\"https:\/\/bezaubernd.bayern\/wp-content\/uploads\/2026\/03\/eliza-und-ethan-1.png\" alt=\"\" >\n                    <!-- <p><\/p> -->\n                  <\/li><li class=\"splide__slide splide-slider-adjustable-items\">\n                    <img decoding=\"async\" class=\"block-splide-slider-adjustable-image\" src=\"https:\/\/bezaubernd.bayern\/wp-content\/uploads\/2026\/03\/jarice-4.png\" alt=\"\" >\n                    <!-- <p><\/p> -->\n                  <\/li><li class=\"splide__slide splide-slider-adjustable-items\">\n                    <img decoding=\"async\" class=\"block-splide-slider-adjustable-image\" src=\"https:\/\/bezaubernd.bayern\/wp-content\/uploads\/2026\/03\/krueger-1.png\" alt=\"\" >\n                    <!-- <p><\/p> -->\n                  <\/li><li class=\"splide__slide splide-slider-adjustable-items\">\n                    <img decoding=\"async\" class=\"block-splide-slider-adjustable-image\" src=\"https:\/\/bezaubernd.bayern\/wp-content\/uploads\/2026\/03\/luxuar.png\" alt=\"\" >\n                    <!-- <p><\/p> -->\n                  <\/li><li class=\"splide__slide splide-slider-adjustable-items\">\n                    <img decoding=\"async\" class=\"block-splide-slider-adjustable-image\" src=\"https:\/\/bezaubernd.bayern\/wp-content\/uploads\/2026\/03\/Madi-Lane.png\" alt=\"\" >\n                    <!-- <p><\/p> -->\n                  <\/li><li class=\"splide__slide splide-slider-adjustable-items\">\n                    <img decoding=\"async\" class=\"block-splide-slider-adjustable-image\" src=\"https:\/\/bezaubernd.bayern\/wp-content\/uploads\/2026\/03\/marjo.png\" alt=\"\" >\n                    <!-- <p><\/p> -->\n                  <\/li><li class=\"splide__slide splide-slider-adjustable-items\">\n                    <img decoding=\"async\" class=\"block-splide-slider-adjustable-image\" src=\"https:\/\/bezaubernd.bayern\/wp-content\/uploads\/2026\/03\/mascara-london.png\" alt=\"\" >\n                    <!-- <p><\/p> -->\n                  <\/li><li class=\"splide__slide splide-slider-adjustable-items\">\n                    <img decoding=\"async\" class=\"block-splide-slider-adjustable-image\" src=\"https:\/\/bezaubernd.bayern\/wp-content\/uploads\/2026\/03\/melrose-1.png\" alt=\"\" >\n                    <!-- <p><\/p> -->\n                  <\/li>\n            <\/ul>\n        <\/div>\n    <\/div>\n    <\/div>            <link rel=\"stylesheet\" type=\"text\/css\" href=\"https:\/\/bezaubernd.bayern\/wp-content\/themes\/boxed-theme\/includes\/blocks\/block_splide_slider_adjustable\/style.css\">\n            <\/div>","protected":false},"excerpt":{"rendered":"","protected":false},"author":3,"featured_media":0,"parent":0,"menu_order":0,"comment_status":"closed","ping_status":"closed","template":"page-standard.php","meta":{"_acf_changed":true,"footnotes":""},"class_list":["post-2993","page","type-page","status-publish","hentry"],"acf":[],"yoast_head":"<!-- This site is optimized with the Yoast SEO plugin v27.3 - https:\/\/yoast.com\/product\/yoast-seo-wordpress\/ -->\n<title>Kollektionen - Bezaubernd Bayern<\/title>\n<meta name=\"robots\" content=\"index, follow, max-snippet:-1, max-image-preview:large, max-video-preview:-1\" \/>\n<link rel=\"canonical\" href=\"https:\/\/bezaubernd.bayern\/cs\/kollektionen\/\" \/>\n<meta property=\"og:locale\" content=\"cs_CZ\" \/>\n<meta property=\"og:type\" content=\"article\" \/>\n<meta property=\"og:title\" content=\"Kollektionen - Bezaubernd Bayern\" \/>\n<meta property=\"og:url\" content=\"https:\/\/bezaubernd.bayern\/cs\/kollektionen\/\" \/>\n<meta property=\"og:site_name\" content=\"Bezaubernd Bayern\" \/>\n<meta property=\"article:modified_time\" content=\"2026-04-16T12:27:18+00:00\" \/>\n<meta name=\"twitter:card\" content=\"summary_large_image\" \/>\n<script type=\"application\/ld+json\" class=\"yoast-schema-graph\">{\"@context\":\"https:\\\/\\\/schema.org\",\"@graph\":[{\"@type\":\"WebPage\",\"@id\":\"https:\\\/\\\/bezaubernd.bayern\\\/kollektionen\\\/\",\"url\":\"https:\\\/\\\/bezaubernd.bayern\\\/kollektionen\\\/\",\"name\":\"Kollektionen - Bezaubernd Bayern\",\"isPartOf\":{\"@id\":\"https:\\\/\\\/bezaubernd.bayern\\\/#website\"},\"datePublished\":\"2026-01-07T14:37:47+00:00\",\"dateModified\":\"2026-04-16T12:27:18+00:00\",\"breadcrumb\":{\"@id\":\"https:\\\/\\\/bezaubernd.bayern\\\/kollektionen\\\/#breadcrumb\"},\"inLanguage\":\"cs\",\"potentialAction\":[{\"@type\":\"ReadAction\",\"target\":[\"https:\\\/\\\/bezaubernd.bayern\\\/kollektionen\\\/\"]}]},{\"@type\":\"BreadcrumbList\",\"@id\":\"https:\\\/\\\/bezaubernd.bayern\\\/kollektionen\\\/#breadcrumb\",\"itemListElement\":[{\"@type\":\"ListItem\",\"position\":1,\"name\":\"Startseite\",\"item\":\"https:\\\/\\\/bezaubernd.bayern\\\/\"},{\"@type\":\"ListItem\",\"position\":2,\"name\":\"Kollektionen\"}]},{\"@type\":\"WebSite\",\"@id\":\"https:\\\/\\\/bezaubernd.bayern\\\/#website\",\"url\":\"https:\\\/\\\/bezaubernd.bayern\\\/\",\"name\":\"Bezaubernd Bayern\",\"description\":\"f\u00fcr Dein Traumkleid, Deinen Moment und Dein Strahlen\",\"potentialAction\":[{\"@type\":\"SearchAction\",\"target\":{\"@type\":\"EntryPoint\",\"urlTemplate\":\"https:\\\/\\\/bezaubernd.bayern\\\/?s={search_term_string}\"},\"query-input\":{\"@type\":\"PropertyValueSpecification\",\"valueRequired\":true,\"valueName\":\"search_term_string\"}}],\"inLanguage\":\"cs\"}]}<\/script>\n<!-- \/ Yoast SEO plugin. -->","yoast_head_json":{"title":"Kollektionen - Bezaubernd Bayern","robots":{"index":"index","follow":"follow","max-snippet":"max-snippet:-1","max-image-preview":"max-image-preview:large","max-video-preview":"max-video-preview:-1"},"canonical":"https:\/\/bezaubernd.bayern\/cs\/kollektionen\/","og_locale":"cs_CZ","og_type":"article","og_title":"Kollektionen - Bezaubernd Bayern","og_url":"https:\/\/bezaubernd.bayern\/cs\/kollektionen\/","og_site_name":"Bezaubernd Bayern","article_modified_time":"2026-04-16T12:27:18+00:00","twitter_card":"summary_large_image","schema":{"@context":"https:\/\/schema.org","@graph":[{"@type":"WebPage","@id":"https:\/\/bezaubernd.bayern\/kollektionen\/","url":"https:\/\/bezaubernd.bayern\/kollektionen\/","name":"Kollektionen - Bezaubernd Bayern","isPartOf":{"@id":"https:\/\/bezaubernd.bayern\/#website"},"datePublished":"2026-01-07T14:37:47+00:00","dateModified":"2026-04-16T12:27:18+00:00","breadcrumb":{"@id":"https:\/\/bezaubernd.bayern\/kollektionen\/#breadcrumb"},"inLanguage":"cs","potentialAction":[{"@type":"ReadAction","target":["https:\/\/bezaubernd.bayern\/kollektionen\/"]}]},{"@type":"BreadcrumbList","@id":"https:\/\/bezaubernd.bayern\/kollektionen\/#breadcrumb","itemListElement":[{"@type":"ListItem","position":1,"name":"Startseite","item":"https:\/\/bezaubernd.bayern\/"},{"@type":"ListItem","position":2,"name":"Kollektionen"}]},{"@type":"WebSite","@id":"https:\/\/bezaubernd.bayern\/#website","url":"https:\/\/bezaubernd.bayern\/","name":"Bezaubernd Bayern","description":"f\u00fcr Dein Traumkleid, Deinen Moment und Dein Strahlen","potentialAction":[{"@type":"SearchAction","target":{"@type":"EntryPoint","urlTemplate":"https:\/\/bezaubernd.bayern\/?s={search_term_string}"},"query-input":{"@type":"PropertyValueSpecification","valueRequired":true,"valueName":"search_term_string"}}],"inLanguage":"cs"}]}},"_links":{"self":[{"href":"https:\/\/bezaubernd.bayern\/cs\/wp-json\/wp\/v2\/pages\/2993","targetHints":{"allow":["GET"]}}],"collection":[{"href":"https:\/\/bezaubernd.bayern\/cs\/wp-json\/wp\/v2\/pages"}],"about":[{"href":"https:\/\/bezaubernd.bayern\/cs\/wp-json\/wp\/v2\/types\/page"}],"author":[{"embeddable":true,"href":"https:\/\/bezaubernd.bayern\/cs\/wp-json\/wp\/v2\/users\/3"}],"replies":[{"embeddable":true,"href":"https:\/\/bezaubernd.bayern\/cs\/wp-json\/wp\/v2\/comments?post=2993"}],"version-history":[{"count":0,"href":"https:\/\/bezaubernd.bayern\/cs\/wp-json\/wp\/v2\/pages\/2993\/revisions"}],"wp:attachment":[{"href":"https:\/\/bezaubernd.bayern\/cs\/wp-json\/wp\/v2\/media?parent=2993"}],"curies":[{"name":"wp","href":"https:\/\/api.w.org\/{rel}","templated":true}]}}