
{"id":2764,"date":"2025-12-17T14:04:15","date_gmt":"2025-12-17T13:04:15","guid":{"rendered":"http:\/\/bezaubernd.bayern\/?page_id=2764"},"modified":"2026-04-16T14:59:20","modified_gmt":"2026-04-16T12:59:20","slug":"kontakt","status":"publish","type":"page","link":"https:\/\/bezaubernd.bayern\/cs\/kontakt\/","title":{"rendered":"Kontakt"},"content":{"rendered":"<div class=\"row block-631097535 rmt rmb  row-small\">\n\n<div class=\"col col-12 col-lg-6 block-wysiwyg\">\n<div class=\"container-inhalt container-vertikal-oben\">\n    <h1  style=\"color:#735e37; text-align:left;\">T\u011b\u0161\u00edme se na tvou n\u00e1v\u0161t\u011bvu<\/h1>\n    <p>Hled\u00e1\u0161 sv\u00e9 dokonal\u00e9 svatebn\u00ed \u0161aty? Pak se s n\u00e1mi spoj a domluv si osobn\u00ed konzultaci. V p\u0159\u00edjemn\u00e9 atmosf\u00e9\u0159e si na tebe, tv\u00e1 p\u0159\u00e1n\u00ed a tv\u016fj velk\u00fd den ud\u011bl\u00e1me \u010das.<\/p>\n<p>bezaubernd Brautmoden se nach\u00e1z\u00ed p\u0159\u00edmo u d\u00e1lnice A 93, tak\u017ee se k n\u00e1m dostane\u0161 rychle a snadno. A\u0165 u\u017e p\u0159ij\u00ed\u017ed\u00ed\u0161 z Tirschenreuthu, Weidenu i.d. OPf., Waldsassenu, Kemnathu, Altenstadtu nebo Neustadtu a.d. Waldnaabu, Grafenw\u00f6hru, Luhe-Wildenau, Eschenbachu nebo Auerbachu v Horn\u00edm Falci, Ambergu nebo z m\u011bst v Horn\u00edm Franku, jako jsou Wunsiedel, Marktredwitz, Selb, Hofu, Bayreuthu, Kulmbachu, Pegnitzu, Lichtenfelsu nebo Kronachu \u2013 cesta za tv\u00fdmi dokonal\u00fdmi svatebn\u00edmi \u0161aty se vyplat\u00ed!<\/p>\n<p>Ani z Chebu, Mari\u00e1nsk\u00fdch L\u00e1zn\u00ed, Karlov\u00fdch Var\u016f, Sokolova, Plzn\u011b, Asu, Chomutova, Franti\u0161kov\u00fdch L\u00e1zn\u00ed a Tachova to nen\u00ed daleko.<\/p>\n<p>Nab\u00edz\u00edme dostatek parkovac\u00edch m\u00edst p\u0159\u00edmo na m\u00edst\u011b a osobn\u00ed poradenstv\u00ed, aby byla tv\u00e1 n\u00e1v\u0161t\u011bva u n\u00e1s pohodov\u00e1 a nezapomenuteln\u00e1.<\/p>\n<\/div><\/div>            <link rel=\"stylesheet\" type=\"text\/css\" href=\"https:\/\/bezaubernd.bayern\/wp-content\/themes\/boxed-theme\/includes\/blocks\/block_wysiwyg\/style.css\">\n            \n<div class=\"col col-12 col-lg-6 block-image\">\n\n        <div class=\"block-image\">\n            <img decoding=\"async\" src=\"https:\/\/bezaubernd.bayern\/wp-content\/uploads\/2025\/12\/MABEL-klein.png\" class=\"desk-img\" alt=\"Desktop Version\">\n            <img decoding=\"async\" src=\"https:\/\/bezaubernd.bayern\/wp-content\/uploads\/2025\/12\/MABEL-klein-576x408.png\" class=\"mob-img\" alt=\"Mobile Version\">\n        <\/div>\n    <\/div>\n\n\n            <link rel=\"stylesheet\" type=\"text\/css\" href=\"https:\/\/bezaubernd.bayern\/wp-content\/themes\/boxed-theme\/includes\/blocks\/block_image\/style.css\">\n            <\/div>\n\n\n<div class=\"row block-626281049 rmt rmb  row-small\">\n\n    <h1 style=\"color:#735e37; text-align:center;\">Otev\u00edrac\u00ed doba<\/h1>\n    \n<div class=\"col col-12 col-lg-6 block-zeitraum\"style=\"padding-top:50px; padding-bottom:50px;\">\n<div class=\"container-inhalt container-vertikal-oben\"><div class=\"block-zeitraum-zeiten\"><div class=\"block-zeitraum-zeiten-title\">st\u0159eda<\/div>                <div class=\"block-zeitraum-zeiten-zeiten\">\n                    10:00 \u2013 14:00                 <\/div>\n                            <\/div>\n            <div class=\"block-zeitraum-zeiten\"><div class=\"block-zeitraum-zeiten-title\">\u010dtvrtek<\/div>                <div class=\"block-zeitraum-zeiten-zeiten\">\n                    10:00 \u2013 18:00                 <\/div>\n                            <\/div>\n            <div class=\"block-zeitraum-zeiten\"><div class=\"block-zeitraum-zeiten-title\">p\u00e1tek<\/div>                <div class=\"block-zeitraum-zeiten-zeiten\">\n                    10:00 \u2013 18:00                 <\/div>\n                            <\/div>\n            <div class=\"block-zeitraum-zeiten\"><div class=\"block-zeitraum-zeiten-title\">Po \/ \u00dat \/ So<\/div>                <div class=\"block-zeitraum-zeiten-zeiten\">\n                    Po dohod\u011b                <\/div>\n                            <\/div>\n            <\/div><\/div>            <link rel=\"stylesheet\" type=\"text\/css\" href=\"https:\/\/bezaubernd.bayern\/wp-content\/themes\/boxed-theme\/includes\/blocks\/block_zeitraum\/style.css\">\n            \n<div class=\"col col-12 col-lg-6 block-wysiwyg\"style=\"padding-top:50px; padding-bottom:50px;\">\n<div class=\"container-inhalt container-vertikal-oben\"><p>Nena\u0161el jsi vhodn\u00fd term\u00edn? \u017d\u00e1dn\u00fd probl\u00e9m! Zavolej n\u00e1m nebo n\u00e1m napi\u0161. R\u00e1di ti porad\u00edme i mimo otev\u00edrac\u00ed dobu.<\/p>\n<div class=\"block-wysiwyg-contact-item\"><img decoding=\"async\" class=\"block-wysiwyg-contact-icon\" src=\"https:\/\/bezaubernd.bayern\/wp-content\/uploads\/2026\/01\/Vector3.svg\"><a class=\"block-wysiwyg-contact-link\" href=\"mailto:melanie@bezaubernd.bayern\">melanie@bezaubernd.bayern<\/a><\/div><div class=\"block-wysiwyg-contact-item\"><img decoding=\"async\" class=\"block-wysiwyg-contact-icon\" src=\"https:\/\/bezaubernd.bayern\/wp-content\/uploads\/2025\/12\/phone-solid-full-3-3.svg\"><a class=\"block-wysiwyg-contact-link\" href=\"tel:\u2028+491733537401\">\u20280173 3537401<\/a><\/div> \n      <div class=\"block-links\" style=\"text-align:left;\"><a class=\"btn btn-primary  hero-link-first\" href=\"#wpcf7-f2899-p2764-o1\" target=\"\">KONTAKTUJTE N\u00c1S NYN\u00cd<\/a><a class=\"btn btn-small hero-link-second\" href=\"https:\/\/wa.me\/+491733537401\" target=\"\"><img decoding=\"async\" src=\"https:\/\/bezaubernd.bayern\/wp-content\/uploads\/2025\/12\/whatsapp-brands-solid-full-1.svg\"><\/a>\n      <\/div>\n  <\/div><\/div>            <link rel=\"stylesheet\" type=\"text\/css\" href=\"https:\/\/bezaubernd.bayern\/wp-content\/themes\/boxed-theme\/includes\/blocks\/block_wysiwyg\/style.css\">\n            <\/div>\n\n\n<div class=\"row block-40743275 rmt rmb  row-small\">\n\n    <h1 style=\"color:#735e37; text-align:center;\">Kontakt<\/h1>\n    \n<div class=\"col col-12 col-lg-12 block-html\"style=\"padding-top:50px; padding-bottom:50px;\">\n\n<div class=\"wpcf7 no-js\" id=\"wpcf7-f2899-o1\" lang=\"de-DE\" dir=\"ltr\" data-wpcf7-id=\"2899\">\n<div class=\"screen-reader-response\"><p role=\"status\" aria-live=\"polite\" aria-atomic=\"true\"><\/p> <ul><\/ul><\/div>\n<form action=\"\/cs\/wp-json\/wp\/v2\/pages\/2764#wpcf7-f2899-o1\" method=\"post\" class=\"wpcf7-form init\" aria-label=\"Kontaktformular\" novalidate=\"novalidate\" data-status=\"init\" data-trp-original-action=\"\/cs\/wp-json\/wp\/v2\/pages\/2764#wpcf7-f2899-o1\">\n<fieldset class=\"hidden-fields-container\"><input type=\"hidden\" name=\"_wpcf7\" value=\"2899\" \/><input type=\"hidden\" name=\"_wpcf7_version\" value=\"6.1.5\" \/><input type=\"hidden\" name=\"_wpcf7_locale\" value=\"de_DE\" \/><input type=\"hidden\" name=\"_wpcf7_unit_tag\" value=\"wpcf7-f2899-o1\" \/><input type=\"hidden\" name=\"_wpcf7_container_post\" value=\"0\" \/><input type=\"hidden\" name=\"_wpcf7_posted_data_hash\" value=\"\" \/><input type=\"hidden\" name=\"_wpcf7_recaptcha_response\" value=\"\" \/>\n<\/fieldset>\n<div style=\"position: relative;\">\n\n  <!-- CCM19 Overlay -->\n  <div id=\"ccm-form-overlay\"\n    style=\"display:flex; position:absolute; inset:0; z-index:4;           background:#F5F5F5; border:2px dashed #ccc; border-radius:8px;           flex-direction:column; align-items:center; justify-content:center;           text-align:center; padding:2rem; min-height:200px;\">\n    <p style=\"margin-bottom:1rem; color:#555;\">\n      \u26a0\ufe0f Dieses Formular ist durch Google reCAPTCHA gesch\u00fctzt.<br>\n      Bitte akzeptieren Sie die entsprechenden Cookies und laden Sie die Seite neu.\n    <\/p>\n<button type=\"button\" onclick=\"CCM.openWidget()\"\n  style=\"background:#9A7E49; color:white; border:none;         padding:0.6rem 1.4rem; border-radius:4px; cursor:pointer;\">\n  Cookie-Einstellungen \u00f6ffnen\n<\/button>\n  <\/div>\n\n<div class=\"formular-flex\">\n<div class=\"col-12 col-lg-6\">\n<span class=\"wpcf7-form-control-wrap\" data-name=\"vorname\"><input size=\"40\" maxlength=\"400\" class=\"wpcf7-form-control wpcf7-text wpcf7-validates-as-required\" aria-required=\"true\" aria-invalid=\"false\" placeholder=\"K\u0159estn\u00ed jm\u00e9no*\" value=\"\" type=\"text\" name=\"vorname\" \/><\/span>\n<\/div>\n<div class=\"col-12 col-lg-6\">\n<span class=\"wpcf7-form-control-wrap\" data-name=\"nachname\"><input size=\"40\" maxlength=\"400\" class=\"wpcf7-form-control wpcf7-text wpcf7-validates-as-required\" aria-required=\"true\" aria-invalid=\"false\" placeholder=\"P\u0159\u00edjmen\u00ed*\" value=\"\" type=\"text\" name=\"nachname\" \/><\/span>\n<\/div>\n<div class=\"col-12 col-lg-6\">\n<span class=\"wpcf7-form-control-wrap\" data-name=\"strasse\"><input size=\"40\" maxlength=\"400\" class=\"wpcf7-form-control wpcf7-text wpcf7-validates-as-required\" aria-required=\"true\" aria-invalid=\"false\" placeholder=\"Ulice, \u010d\u00edslo domu*\" value=\"\" type=\"text\" name=\"strasse\" \/><\/span>\n<\/div>\n<div class=\"col-12 col-lg-6\">\n<span class=\"wpcf7-form-control-wrap\" data-name=\"ort\"><input size=\"40\" maxlength=\"400\" class=\"wpcf7-form-control wpcf7-text wpcf7-validates-as-required\" aria-required=\"true\" aria-invalid=\"false\" placeholder=\"PS\u010c, m\u011bsto*\" value=\"\" type=\"text\" name=\"ort\" \/><\/span>\n<\/div>\n<div class=\"col-12 col-lg-6\">\n<span class=\"wpcf7-form-control-wrap\" data-name=\"email\"><input size=\"40\" maxlength=\"400\" class=\"wpcf7-form-control wpcf7-email wpcf7-validates-as-required wpcf7-text wpcf7-validates-as-email\" aria-required=\"true\" aria-invalid=\"false\" placeholder=\"E-mail*\" value=\"\" type=\"email\" name=\"email\" \/><\/span>\n<\/div>\n<div class=\"col-12 col-lg-6\">\n<span class=\"wpcf7-form-control-wrap\" data-name=\"telefon\"><input size=\"40\" maxlength=\"400\" class=\"wpcf7-form-control wpcf7-tel wpcf7-text wpcf7-validates-as-tel\" aria-invalid=\"false\" placeholder=\"telefonn\u00ed \u010d\u00edslo\" value=\"\" type=\"tel\" name=\"telefon\" \/><\/span>\n<\/div>\n<div class=\"col-12 col-lg-12\">\n<span class=\"wpcf7-form-control-wrap\" data-name=\"anliegen\"><textarea cols=\"40\" rows=\"10\" maxlength=\"2000\" class=\"wpcf7-form-control wpcf7-textarea wpcf7-validates-as-required\" aria-required=\"true\" aria-invalid=\"false\" placeholder=\"Popi\u0161te zde sv\u016fj dotaz...*\" name=\"anliegen\"><\/textarea><\/span>\n<\/div>\n<div class=\"col-12 col-lg-12 datenschutz\">\n<span class=\"wpcf7-form-control-wrap\" data-name=\"datenschutz\"><span class=\"wpcf7-form-control wpcf7-acceptance\"><span class=\"wpcf7-list-item\"><label><input type=\"checkbox\" name=\"datenschutz\" value=\"1\" aria-invalid=\"false\" \/><span class=\"wpcf7-list-item-label\">Souhlas\u00edm s podm\u00ednkami ochrany osobn\u00edch \u00fadaj\u016f\n\n<div class=\"datenschutz-erklaerungsbescheid\">\nAno, m\u00e1m tu <a href=\"\/cs\/datenschutzerklaerung\/\">Prohl\u00e1\u0161en\u00ed o ochran\u011b osobn\u00edch \u00fadaj\u016f<\/a> Beru na v\u011bdom\u00ed a souhlas\u00edm s t\u00edm, \u017ee \u00fadaje, kter\u00e9 jsem uvedl, budou elektronicky shroma\u017e\u010fov\u00e1ny a ukl\u00e1d\u00e1ny. M\u00e9 \u00fadaje budou pou\u017eity v\u00fdhradn\u011b k vy\u0159\u00edzen\u00ed a zodpov\u011bzen\u00ed m\u00e9 \u017e\u00e1dosti.<\/span><\/label><\/span><\/span><\/span>\n<\/div>\n\n<\/div>\n\n<div class=\"block-links orange strechted_button\">\n<input class=\"wpcf7-form-control wpcf7-submit has-spinner btn btn-primary\" type=\"submit\" value=\"Absenden\" \/>\n<\/div>\n<\/div>\n\n<input type=\"hidden\" name=\"trp-form-language\" value=\"cs\"\/><\/div>\n\n<script>\nwindow.addEventListener('load', function () {\n  var overlay = document.getElementById('ccm-form-overlay');\n  \n  function isAccepted(name) {\n    if (!window.CCM) return false;\n    if (CCM.fullConsentGiven) return true;\n    return CCM.acceptedEmbeddings && \n           CCM.acceptedEmbeddings.some(function(e) { \n             return e.name && e.name.toLowerCase().includes(name.toLowerCase()); \n           });\n  }\n\nfunction checkConsent() {\n  var accepted = CCM.acceptedEmbeddings && \n    CCM.acceptedEmbeddings.some(function(e) {\n      return e.name === 'Google reCAPTCHA';\n    });\n  overlay.style.display = accepted ? 'none' : 'flex';\n}\n\n  checkConsent();\n  window.addEventListener('ccm19.embedsAccepted', checkConsent);\n  window.addEventListener('ccm19.acceptedAll', checkConsent);\n});\n<\/script><div class=\"wpcf7-response-output\" aria-hidden=\"true\"><\/div>\n<\/form>\n<\/div>\n<\/div><\/div>\n\n\n<div class=\"row block-401431131 rmb row-small\">\n\n    <h1 style=\"color:#735e37; text-align:center;\">Tv\u00e1 cesta do okouzluj\u00edc\u00edho Mitterteichu <\/h1>\n    \n<div class=\"col col-12 col-lg-12 block-html\">\n<!-- Placeholder -->\r\n<div id=\"google-maps-placeholder\" style=\"width:100%; height:450px; background:#eee; display:flex; align-items:center; justify-content:center; flex-direction:column; border:1px solid #ccc;\">\r\n  <p>Chcete-li zobrazit tento kan\u00e1l, povolte pros\u00edm Google Maps v \r\n    <a href=\"javascript:CCM.openWidget();\">Nastaven\u00ed soubor\u016f cookie<\/a>\r\n  <\/p>\r\n<\/div>\r\n\r\n<!-- iframe -->\r\n<iframe id=\"google-maps-iframe\"\r\n  data-src=\"https:\/\/www.google.com\/maps\/embed?pb=!1m18!1m12!1m3!1d2567.186441032806!2d12.241218776827589!3d49.95160502315593!2m3!1f0!2f0!3f0!3m2!1i1024!2i768!4f13.1!3m3!1m2!1s0x47a0598bb79f993d%3A0x6998cf9d410357c9!2sOberer%20Marktpl.%203%2C%2095666%20Mitterteich!5e0!3m2!1sde!2sde!4v1770623051906!5m2!1sde!2sde\"\r\n  data-ccm-blocked=\"Google Maps\"\r\n  width=\"100%\" height=\"450\" style=\"border:0; display:none;\"\r\n  allowfullscreen=\"\" loading=\"lazy\">\r\n<\/iframe><\/div><\/div>","protected":false},"excerpt":{"rendered":"","protected":false},"author":3,"featured_media":0,"parent":0,"menu_order":0,"comment_status":"closed","ping_status":"closed","template":"page-standard.php","meta":{"_acf_changed":true,"footnotes":""},"class_list":["post-2764","page","type-page","status-publish","hentry"],"acf":[],"yoast_head":"<!-- This site is optimized with the Yoast SEO plugin v27.3 - https:\/\/yoast.com\/product\/yoast-seo-wordpress\/ -->\n<title>Kontakt - Bezaubernd Bayern<\/title>\n<meta name=\"robots\" content=\"index, follow, max-snippet:-1, max-image-preview:large, max-video-preview:-1\" \/>\n<link rel=\"canonical\" href=\"https:\/\/bezaubernd.bayern\/cs\/kontakt\/\" \/>\n<meta property=\"og:locale\" content=\"cs_CZ\" \/>\n<meta property=\"og:type\" content=\"article\" \/>\n<meta property=\"og:title\" content=\"Kontakt - Bezaubernd Bayern\" \/>\n<meta property=\"og:url\" content=\"https:\/\/bezaubernd.bayern\/cs\/kontakt\/\" \/>\n<meta property=\"og:site_name\" content=\"Bezaubernd Bayern\" \/>\n<meta property=\"article:modified_time\" content=\"2026-04-16T12:59:20+00:00\" \/>\n<meta name=\"twitter:card\" content=\"summary_large_image\" \/>\n<script type=\"application\/ld+json\" class=\"yoast-schema-graph\">{\"@context\":\"https:\\\/\\\/schema.org\",\"@graph\":[{\"@type\":\"WebPage\",\"@id\":\"https:\\\/\\\/bezaubernd.bayern\\\/kontakt\\\/\",\"url\":\"https:\\\/\\\/bezaubernd.bayern\\\/kontakt\\\/\",\"name\":\"Kontakt - Bezaubernd Bayern\",\"isPartOf\":{\"@id\":\"https:\\\/\\\/bezaubernd.bayern\\\/#website\"},\"datePublished\":\"2025-12-17T13:04:15+00:00\",\"dateModified\":\"2026-04-16T12:59:20+00:00\",\"breadcrumb\":{\"@id\":\"https:\\\/\\\/bezaubernd.bayern\\\/kontakt\\\/#breadcrumb\"},\"inLanguage\":\"cs\",\"potentialAction\":[{\"@type\":\"ReadAction\",\"target\":[\"https:\\\/\\\/bezaubernd.bayern\\\/kontakt\\\/\"]}]},{\"@type\":\"BreadcrumbList\",\"@id\":\"https:\\\/\\\/bezaubernd.bayern\\\/kontakt\\\/#breadcrumb\",\"itemListElement\":[{\"@type\":\"ListItem\",\"position\":1,\"name\":\"Startseite\",\"item\":\"https:\\\/\\\/bezaubernd.bayern\\\/\"},{\"@type\":\"ListItem\",\"position\":2,\"name\":\"Kontakt\"}]},{\"@type\":\"WebSite\",\"@id\":\"https:\\\/\\\/bezaubernd.bayern\\\/#website\",\"url\":\"https:\\\/\\\/bezaubernd.bayern\\\/\",\"name\":\"Bezaubernd Bayern\",\"description\":\"f\u00fcr Dein Traumkleid, Deinen Moment und Dein Strahlen\",\"potentialAction\":[{\"@type\":\"SearchAction\",\"target\":{\"@type\":\"EntryPoint\",\"urlTemplate\":\"https:\\\/\\\/bezaubernd.bayern\\\/?s={search_term_string}\"},\"query-input\":{\"@type\":\"PropertyValueSpecification\",\"valueRequired\":true,\"valueName\":\"search_term_string\"}}],\"inLanguage\":\"cs\"}]}<\/script>\n<!-- \/ Yoast SEO plugin. -->","yoast_head_json":{"title":"Kontakt - Bezaubernd Bayern","robots":{"index":"index","follow":"follow","max-snippet":"max-snippet:-1","max-image-preview":"max-image-preview:large","max-video-preview":"max-video-preview:-1"},"canonical":"https:\/\/bezaubernd.bayern\/cs\/kontakt\/","og_locale":"cs_CZ","og_type":"article","og_title":"Kontakt - Bezaubernd Bayern","og_url":"https:\/\/bezaubernd.bayern\/cs\/kontakt\/","og_site_name":"Bezaubernd Bayern","article_modified_time":"2026-04-16T12:59:20+00:00","twitter_card":"summary_large_image","schema":{"@context":"https:\/\/schema.org","@graph":[{"@type":"WebPage","@id":"https:\/\/bezaubernd.bayern\/kontakt\/","url":"https:\/\/bezaubernd.bayern\/kontakt\/","name":"Kontakt - Bezaubernd Bayern","isPartOf":{"@id":"https:\/\/bezaubernd.bayern\/#website"},"datePublished":"2025-12-17T13:04:15+00:00","dateModified":"2026-04-16T12:59:20+00:00","breadcrumb":{"@id":"https:\/\/bezaubernd.bayern\/kontakt\/#breadcrumb"},"inLanguage":"cs","potentialAction":[{"@type":"ReadAction","target":["https:\/\/bezaubernd.bayern\/kontakt\/"]}]},{"@type":"BreadcrumbList","@id":"https:\/\/bezaubernd.bayern\/kontakt\/#breadcrumb","itemListElement":[{"@type":"ListItem","position":1,"name":"Startseite","item":"https:\/\/bezaubernd.bayern\/"},{"@type":"ListItem","position":2,"name":"Kontakt"}]},{"@type":"WebSite","@id":"https:\/\/bezaubernd.bayern\/#website","url":"https:\/\/bezaubernd.bayern\/","name":"Bezaubernd Bayern","description":"f\u00fcr Dein Traumkleid, Deinen Moment und Dein Strahlen","potentialAction":[{"@type":"SearchAction","target":{"@type":"EntryPoint","urlTemplate":"https:\/\/bezaubernd.bayern\/?s={search_term_string}"},"query-input":{"@type":"PropertyValueSpecification","valueRequired":true,"valueName":"search_term_string"}}],"inLanguage":"cs"}]}},"_links":{"self":[{"href":"https:\/\/bezaubernd.bayern\/cs\/wp-json\/wp\/v2\/pages\/2764","targetHints":{"allow":["GET"]}}],"collection":[{"href":"https:\/\/bezaubernd.bayern\/cs\/wp-json\/wp\/v2\/pages"}],"about":[{"href":"https:\/\/bezaubernd.bayern\/cs\/wp-json\/wp\/v2\/types\/page"}],"author":[{"embeddable":true,"href":"https:\/\/bezaubernd.bayern\/cs\/wp-json\/wp\/v2\/users\/3"}],"replies":[{"embeddable":true,"href":"https:\/\/bezaubernd.bayern\/cs\/wp-json\/wp\/v2\/comments?post=2764"}],"version-history":[{"count":0,"href":"https:\/\/bezaubernd.bayern\/cs\/wp-json\/wp\/v2\/pages\/2764\/revisions"}],"wp:attachment":[{"href":"https:\/\/bezaubernd.bayern\/cs\/wp-json\/wp\/v2\/media?parent=2764"}],"curies":[{"name":"wp","href":"https:\/\/api.w.org\/{rel}","templated":true}]}}