
{"id":2762,"date":"2025-12-17T14:03:49","date_gmt":"2025-12-17T13:03:49","guid":{"rendered":"http:\/\/bezaubernd.bayern\/?page_id=2762"},"modified":"2026-04-13T12:32:07","modified_gmt":"2026-04-13T10:32:07","slug":"galerie","status":"publish","type":"page","link":"https:\/\/bezaubernd.bayern\/cs\/galerie\/","title":{"rendered":"Galerie"},"content":{"rendered":"<div class=\"row block-107860015 rmt row-small\">\n\n<div class=\"col col-12 col-lg-12 block-wysiwyg\">\n<div class=\"container-inhalt container-vertikal-oben\">\n    <h1  style=\"color:#735e37; text-align:center;\">Nech se inspirovat \u2026<\/h1>\n    <p>\u2026 o opravdov\u00fdch pocitech, jedine\u010dn\u00e9 kr\u00e1se, \u0161\u0165astn\u00fdch nev\u011bst\u00e1ch a okouzluj\u00edc\u00edch svatebn\u00edch \u0161atech z Mitterteichu. Najdi u n\u00e1s p\u0159esn\u011b ty \u0161aty, kter\u00e9 podtrhnou tvou osobnost a u\u010din\u00ed tv\u016fj velk\u00fd den nezapomenuteln\u00fdm. Vn\u00edmej v\u00fdjime\u010dnou atmosf\u00e9ru osobn\u00edho poradenstv\u00ed a za\u017eij, jak se z tv\u00e9ho snu stane \u0161aty tv\u00e9ho srdce \u2013 individu\u00e1ln\u00ed, kvalitn\u00ed a s velkou l\u00e1skou k detailu. U\u0161it\u00e9 pro tebe \u2013 tak jedine\u010dn\u00e9, jako jsi ty sama!<\/p>\n<\/div><\/div>            <link rel=\"stylesheet\" type=\"text\/css\" href=\"https:\/\/bezaubernd.bayern\/wp-content\/themes\/boxed-theme\/includes\/blocks\/block_wysiwyg\/style.css\">\n            <\/div>\n\n\n<div class=\"row block-72555632 rmt rmb  row-small cookie-hinweis-elfsight-feed\">\n\n    <h1 style=\"color:#735e37; text-align:center;\">N\u00e1\u0161 kan\u00e1l na Instagramu<\/h1>\n    \n<div class=\"col col-12 col-lg-12 block-html\">\n<script src=\"https:\/\/elfsightcdn.com\/platform.js\" async><\/script>\r\n<div class=\"elfsight-app-557aa34f-261a-4b42-ae8a-e9aaaaa21392\" data-elfsight-app-lazy><\/div><\/div><\/div>\n\n\n<div class=\"row block-483556100 rmt rmb  row-small-back-overfl no-overflow background-color-and-brightness-10\" style=\"background:#dd9933;\">\n\n    <h1 style=\"color:#735e37; text-align:center;\">Na\u0161i partne\u0159i<\/h1>\n    \n<div class=\"col col-12 col-lg- block-splide-slider-adjustable\">\n\n        <div class=\"splide adjustable-slider splide-slider-number-6\" role=\"group\" data-splide='{\"perPage\":4,\"type\":\"loop\",\"arrows\":true,\"pagination\":false,\"autoplay\":true,\"interval\":3000,\"gap\":\"20px\",\"breakpoints\":{\"991\":{\"perPage\":1,\"focus\":0},\"1400\":{\"perPage\":3,\"focus\":0}}}'>\n            <div class=\"splide__track adjustable-slider-track\">\n                <ul class=\"splide__list adjustable-slider\">\n        <li class=\"splide__slide splide-slider-adjustable-items\">\n                      <img decoding=\"async\" class=\"block-splide-slider-adjustable-image\" src=\"https:\/\/bezaubernd.bayern\/wp-content\/uploads\/2025\/12\/Junes-Schrift-1.svg\" alt=\"\">\n                      <!-- <p><\/p> -->\n                    <\/li><li class=\"splide__slide splide-slider-adjustable-items\">\n                      <img decoding=\"async\" class=\"block-splide-slider-adjustable-image\" src=\"https:\/\/bezaubernd.bayern\/wp-content\/uploads\/2025\/12\/Kunst-im-Gesicht-1.svg\" alt=\"\">\n                      <!-- <p><\/p> -->\n                    <\/li><li class=\"splide__slide splide-slider-adjustable-items\">\n                      <img decoding=\"async\" class=\"block-splide-slider-adjustable-image\" src=\"https:\/\/bezaubernd.bayern\/wp-content\/uploads\/2025\/12\/Gaertnerei-Schinner-1.svg\" alt=\"\">\n                      <!-- <p><\/p> -->\n                    <\/li><li class=\"splide__slide splide-slider-adjustable-items\">\n                      <img decoding=\"async\" class=\"block-splide-slider-adjustable-image\" src=\"https:\/\/bezaubernd.bayern\/wp-content\/uploads\/2025\/12\/Goldschmiede-Marktredwitz-1.svg\" alt=\"\">\n                      <!-- <p><\/p> -->\n                    <\/li>\n            <\/ul>\n        <\/div>\n    <\/div>\n    <\/div>            <link rel=\"stylesheet\" type=\"text\/css\" href=\"https:\/\/bezaubernd.bayern\/wp-content\/themes\/boxed-theme\/includes\/blocks\/block_splide_slider_adjustable\/style.css\">\n            <\/div>","protected":false},"excerpt":{"rendered":"","protected":false},"author":3,"featured_media":0,"parent":0,"menu_order":0,"comment_status":"closed","ping_status":"closed","template":"page-standard.php","meta":{"_acf_changed":false,"footnotes":""},"class_list":["post-2762","page","type-page","status-publish","hentry"],"acf":[],"yoast_head":"<!-- This site is optimized with the Yoast SEO plugin v27.3 - https:\/\/yoast.com\/product\/yoast-seo-wordpress\/ -->\n<title>Galerie - Bezaubernd Bayern<\/title>\n<meta name=\"robots\" content=\"index, follow, max-snippet:-1, max-image-preview:large, max-video-preview:-1\" \/>\n<link rel=\"canonical\" href=\"https:\/\/bezaubernd.bayern\/cs\/galerie\/\" \/>\n<meta property=\"og:locale\" content=\"cs_CZ\" \/>\n<meta property=\"og:type\" content=\"article\" \/>\n<meta property=\"og:title\" content=\"Galerie - Bezaubernd Bayern\" \/>\n<meta property=\"og:url\" content=\"https:\/\/bezaubernd.bayern\/cs\/galerie\/\" \/>\n<meta property=\"og:site_name\" content=\"Bezaubernd Bayern\" \/>\n<meta property=\"article:modified_time\" content=\"2026-04-13T10:32:07+00:00\" \/>\n<meta name=\"twitter:card\" content=\"summary_large_image\" \/>\n<script type=\"application\/ld+json\" class=\"yoast-schema-graph\">{\"@context\":\"https:\\\/\\\/schema.org\",\"@graph\":[{\"@type\":\"WebPage\",\"@id\":\"https:\\\/\\\/bezaubernd.bayern\\\/galerie\\\/\",\"url\":\"https:\\\/\\\/bezaubernd.bayern\\\/galerie\\\/\",\"name\":\"Galerie - Bezaubernd Bayern\",\"isPartOf\":{\"@id\":\"https:\\\/\\\/bezaubernd.bayern\\\/#website\"},\"datePublished\":\"2025-12-17T13:03:49+00:00\",\"dateModified\":\"2026-04-13T10:32:07+00:00\",\"breadcrumb\":{\"@id\":\"https:\\\/\\\/bezaubernd.bayern\\\/galerie\\\/#breadcrumb\"},\"inLanguage\":\"cs\",\"potentialAction\":[{\"@type\":\"ReadAction\",\"target\":[\"https:\\\/\\\/bezaubernd.bayern\\\/galerie\\\/\"]}]},{\"@type\":\"BreadcrumbList\",\"@id\":\"https:\\\/\\\/bezaubernd.bayern\\\/galerie\\\/#breadcrumb\",\"itemListElement\":[{\"@type\":\"ListItem\",\"position\":1,\"name\":\"Startseite\",\"item\":\"https:\\\/\\\/bezaubernd.bayern\\\/\"},{\"@type\":\"ListItem\",\"position\":2,\"name\":\"Galerie\"}]},{\"@type\":\"WebSite\",\"@id\":\"https:\\\/\\\/bezaubernd.bayern\\\/#website\",\"url\":\"https:\\\/\\\/bezaubernd.bayern\\\/\",\"name\":\"Bezaubernd Bayern\",\"description\":\"f\u00fcr Dein Traumkleid, Deinen Moment und Dein Strahlen\",\"potentialAction\":[{\"@type\":\"SearchAction\",\"target\":{\"@type\":\"EntryPoint\",\"urlTemplate\":\"https:\\\/\\\/bezaubernd.bayern\\\/?s={search_term_string}\"},\"query-input\":{\"@type\":\"PropertyValueSpecification\",\"valueRequired\":true,\"valueName\":\"search_term_string\"}}],\"inLanguage\":\"cs\"}]}<\/script>\n<!-- \/ Yoast SEO plugin. -->","yoast_head_json":{"title":"Galerie - Bezaubernd Bayern","robots":{"index":"index","follow":"follow","max-snippet":"max-snippet:-1","max-image-preview":"max-image-preview:large","max-video-preview":"max-video-preview:-1"},"canonical":"https:\/\/bezaubernd.bayern\/cs\/galerie\/","og_locale":"cs_CZ","og_type":"article","og_title":"Galerie - Bezaubernd Bayern","og_url":"https:\/\/bezaubernd.bayern\/cs\/galerie\/","og_site_name":"Bezaubernd Bayern","article_modified_time":"2026-04-13T10:32:07+00:00","twitter_card":"summary_large_image","schema":{"@context":"https:\/\/schema.org","@graph":[{"@type":"WebPage","@id":"https:\/\/bezaubernd.bayern\/galerie\/","url":"https:\/\/bezaubernd.bayern\/galerie\/","name":"Galerie - Bezaubernd Bayern","isPartOf":{"@id":"https:\/\/bezaubernd.bayern\/#website"},"datePublished":"2025-12-17T13:03:49+00:00","dateModified":"2026-04-13T10:32:07+00:00","breadcrumb":{"@id":"https:\/\/bezaubernd.bayern\/galerie\/#breadcrumb"},"inLanguage":"cs","potentialAction":[{"@type":"ReadAction","target":["https:\/\/bezaubernd.bayern\/galerie\/"]}]},{"@type":"BreadcrumbList","@id":"https:\/\/bezaubernd.bayern\/galerie\/#breadcrumb","itemListElement":[{"@type":"ListItem","position":1,"name":"Startseite","item":"https:\/\/bezaubernd.bayern\/"},{"@type":"ListItem","position":2,"name":"Galerie"}]},{"@type":"WebSite","@id":"https:\/\/bezaubernd.bayern\/#website","url":"https:\/\/bezaubernd.bayern\/","name":"Bezaubernd Bayern","description":"f\u00fcr Dein Traumkleid, Deinen Moment und Dein Strahlen","potentialAction":[{"@type":"SearchAction","target":{"@type":"EntryPoint","urlTemplate":"https:\/\/bezaubernd.bayern\/?s={search_term_string}"},"query-input":{"@type":"PropertyValueSpecification","valueRequired":true,"valueName":"search_term_string"}}],"inLanguage":"cs"}]}},"_links":{"self":[{"href":"https:\/\/bezaubernd.bayern\/cs\/wp-json\/wp\/v2\/pages\/2762","targetHints":{"allow":["GET"]}}],"collection":[{"href":"https:\/\/bezaubernd.bayern\/cs\/wp-json\/wp\/v2\/pages"}],"about":[{"href":"https:\/\/bezaubernd.bayern\/cs\/wp-json\/wp\/v2\/types\/page"}],"author":[{"embeddable":true,"href":"https:\/\/bezaubernd.bayern\/cs\/wp-json\/wp\/v2\/users\/3"}],"replies":[{"embeddable":true,"href":"https:\/\/bezaubernd.bayern\/cs\/wp-json\/wp\/v2\/comments?post=2762"}],"version-history":[{"count":0,"href":"https:\/\/bezaubernd.bayern\/cs\/wp-json\/wp\/v2\/pages\/2762\/revisions"}],"wp:attachment":[{"href":"https:\/\/bezaubernd.bayern\/cs\/wp-json\/wp\/v2\/media?parent=2762"}],"curies":[{"name":"wp","href":"https:\/\/api.w.org\/{rel}","templated":true}]}}