
{"id":2401,"date":"2025-09-24T15:15:28","date_gmt":"2025-09-24T13:15:28","guid":{"rendered":"http:\/\/bezaubernd.bayern\/?page_id=2401"},"modified":"2026-04-16T14:28:18","modified_gmt":"2026-04-16T12:28:18","slug":"startseite","status":"publish","type":"page","link":"https:\/\/bezaubernd.bayern\/cs\/","title":{"rendered":"Startseite"},"content":{"rendered":"<div class=\"row block-174908500 rmt rmb  row-small\">\n\n<div class=\"col col-12 col-lg-6 block-wysiwyg\"style=\"padding-bottom:50px;\">\n<div class=\"container-inhalt container-vertikal-oben\">\n    <h1  style=\"color:#735e37; text-align:left;\">V\u00edtejte na str\u00e1nk\u00e1ch bezaubernd<\/h1>\n    <p>Svatebn\u00ed m\u00f3da Mitterteich, m\u00edsto, kde najde\u0161 styl, emoce a dokonal\u00e9 svatebn\u00ed \u0161aty. U n\u00e1s najde\u0161 pe\u010dliv\u011b vybranou kolekci okouzluj\u00edc\u00edch svatebn\u00edch \u0161at\u016f \u2013 od minimalistick\u00fdch p\u0159es boho a\u017e po modern\u00ed modely.<\/p>\n<p>M\u00e1me pro v\u00e1s tak\u00e9 stylov\u00e9 ve\u010dern\u00ed \u0161aty, elegantn\u00ed spole\u010densk\u00e9 \u0161aty a velk\u00fd v\u00fdb\u011br dirndl\u016f ve velikostech 34\u201360. Aby v\u00e1m v\u0161e perfektn\u011b padlo, \u0161aty v\u00e1m individu\u00e1ln\u011b uprav\u00edme a dolad\u00edme v na\u0161\u00ed vlastn\u00ed krej\u010dovn\u011b.<\/p>\n<p>V klidn\u00e9 a p\u0159\u00edjemn\u00e9 atmosf\u00e9\u0159e si ud\u011bl\u00e1me \u010das na v\u00e1s, va\u0161e p\u0159\u00e1n\u00ed a v\u00e1\u0161 velk\u00fd okam\u017eik.<\/p>\n \n      <div class=\"block-links\" style=\"text-align:left;\"><a class=\"btn btn-primary  hero-link-first\" href=\"http:\/\/bezaubernd.bayern\/cs\/kontakt\/#wpcf7-f2899-p2764-o1\" target=\"\">Kontaktujte n\u00e1s nyn\u00ed<\/a><a class=\"btn btn-small hero-link-second\" href=\"https:\/\/wa.me\/+491733537401\" target=\"\"><img decoding=\"async\" src=\"https:\/\/bezaubernd.bayern\/wp-content\/uploads\/2025\/12\/whatsapp-brands-solid-full-1.svg\"><\/a>\n      <\/div>\n  <\/div><\/div>            <link rel=\"stylesheet\" type=\"text\/css\" href=\"https:\/\/bezaubernd.bayern\/wp-content\/themes\/boxed-theme\/includes\/blocks\/block_wysiwyg\/style.css\">\n            \n<div class=\"col col-12 col-lg-6 block-image\">\n\n        <div class=\"block-image\">\n            <img decoding=\"async\" src=\"https:\/\/bezaubernd.bayern\/wp-content\/uploads\/2026\/02\/MILANI-4-1-scaled-960x1440.jpg\" class=\"desk-img\" alt=\"Desktop Version\">\n            <img decoding=\"async\" src=\"https:\/\/bezaubernd.bayern\/wp-content\/uploads\/2026\/02\/MILANI-4-1-scaled-576x864.jpg\" class=\"mob-img\" alt=\"Mobile Version\">\n        <\/div>\n    <\/div>\n\n\n            <link rel=\"stylesheet\" type=\"text\/css\" href=\"https:\/\/bezaubernd.bayern\/wp-content\/themes\/boxed-theme\/includes\/blocks\/block_image\/style.css\">\n            <\/div>\n\n\n<div class=\"row block-1367771327  row-small\">\n\n<div class=\"col col-12 col-lg-12 block-wysiwyg\">\n<div class=\"container-inhalt container-vertikal-oben\">\n    <h1  style=\"color:#735e37; text-align:left;\">Aktuality<\/h1>\n    <\/div><\/div>            <link rel=\"stylesheet\" type=\"text\/css\" href=\"https:\/\/bezaubernd.bayern\/wp-content\/themes\/boxed-theme\/includes\/blocks\/block_wysiwyg\/style.css\">\n            \n<div class=\"col col-12 col-lg- block-archive-blog\">\n<div class=\"container-inhalt\"><div class=\"blog-grid-wrapper\">            <article class=\"blog-card archive-card\">                     <div class=\"promo-badge\">\n                        <span class=\"badge-top\">Sout\u011b\u017e<\/span>\n                        <span class=\"badge-date\">14. 2. 2026 \u2013 21. 2. 2026<\/span>\n                    <\/div>\n                \n                <div class=\"card-main-content\">\n                    <div class=\"blog-meta\">\n                        <span class=\"date\">14.02.2026<\/span>\n                        <span class=\"sep\">|<\/span>\n                        <span class=\"cat\"><a href=\"https:\/\/bezaubernd.bayern\/cs\/aktuelles\/gewinnspiel\/\" rel=\"category tag\">Sout\u011b\u017e<\/a><\/span>\n                    <\/div>\n                    \n                    <h3 class=\"blog-title\">\n                        <a href=\"https:\/\/bezaubernd.bayern\/cs\/aktuelles\/gewinnspiel\/glueckspilze-gesucht-unsere-nikolaus-verlosung-startet-heute\/\">Valent\u00fdnsk\u00e1 akce<\/a>\n                    <\/h3>\n                    \n                    <div class=\"blog-excerpt-wrapper\">\n                        <p>Bude to zase kouzeln\u00e9! Vyhrajte dirndl podle vlastn\u00edho v\u00fdb\u011bru v hodnot\u011b 179 \u20ac z na\u0161eho skladu.\ud83e\udd0d Sta\u010d\u00ed jen\u2026<\/p>\n                        <div class=\"excerpt-fade\"><\/div>\n                    <\/div>\n                <\/div>\n                \n                <div class=\"card-footer\">\n                    <a href=\"https:\/\/bezaubernd.bayern\/cs\/aktuelles\/gewinnspiel\/glueckspilze-gesucht-unsere-nikolaus-verlosung-startet-heute\/\" class=\"btn-more\">P\u0159e\u010d\u00edst p\u0159\u00edsp\u011bvek<\/a>\n                <\/div>\n            <\/article>\n                        <article class=\"blog-card archive-card\"> \n                <div class=\"card-main-content\">\n                    <div class=\"blog-meta\">\n                        <span class=\"date\">10.12.2025<\/span>\n                        <span class=\"sep\">|<\/span>\n                        <span class=\"cat\"><a href=\"https:\/\/bezaubernd.bayern\/cs\/aktuelles\/messe\/\" rel=\"category tag\">veletrh<\/a><\/span>\n                    <\/div>\n                    \n                    <h3 class=\"blog-title\">\n                        <a href=\"https:\/\/bezaubernd.bayern\/cs\/aktuelles\/messe\/save-the-date-besuche-uns-auf-der-kommenden-branchen-messe-in-berlin\/\">Zapi\u0161te si do kalend\u00e1\u0159e: Svatebn\u00ed veletrh v Kemnathu 25. \u00fanora 2026<\/a>\n                    <\/h3>\n                    \n                    <div class=\"blog-excerpt-wrapper\">\n                        <p>Mil\u00ed p\u0159\u00e1tel\u00e9, u\u017e se na v\u00e1s moc t\u011b\u0161\u00edme. Op\u011bt se p\u0159edstav\u00ed spousta skv\u011bl\u00fdch poskytovatel\u016f slu\u017eeb. Poj\u010fte\u2026<\/p>\n                        <div class=\"excerpt-fade\"><\/div>\n                    <\/div>\n                <\/div>\n                \n                <div class=\"card-footer\">\n                    <a href=\"https:\/\/bezaubernd.bayern\/cs\/aktuelles\/messe\/save-the-date-besuche-uns-auf-der-kommenden-branchen-messe-in-berlin\/\" class=\"btn-more\">P\u0159e\u010d\u00edst p\u0159\u00edsp\u011bvek<\/a>\n                <\/div>\n            <\/article>\n            <\/div>                \n            <div class=\"aktuelles-footer\">\n                <a href=\"\/cs\/aktuelles\/\" class=\"btn-aktuelles btn btn-primary\">AKTU\u00c1LN\u00cd INFORMACE<\/a>\n            <\/div>\n        <\/div>            <link rel=\"stylesheet\" type=\"text\/css\" href=\"https:\/\/bezaubernd.bayern\/wp-content\/themes\/boxed-theme\/includes\/blocks\/block_archive_blog\/style.css\">\n            <\/div>","protected":false},"excerpt":{"rendered":"","protected":false},"author":3,"featured_media":0,"parent":0,"menu_order":0,"comment_status":"closed","ping_status":"closed","template":"page-home.php","meta":{"_acf_changed":true,"footnotes":""},"class_list":["post-2401","page","type-page","status-publish","hentry"],"acf":[],"yoast_head":"<!-- This site is optimized with the Yoast SEO plugin v27.3 - https:\/\/yoast.com\/product\/yoast-seo-wordpress\/ -->\n<title>Startseite - Bezaubernd Bayern<\/title>\n<meta name=\"robots\" content=\"index, follow, max-snippet:-1, max-image-preview:large, max-video-preview:-1\" \/>\n<link rel=\"canonical\" href=\"https:\/\/bezaubernd.bayern\/cs\/\" \/>\n<meta property=\"og:locale\" content=\"cs_CZ\" \/>\n<meta property=\"og:type\" content=\"article\" \/>\n<meta property=\"og:title\" content=\"Startseite - Bezaubernd Bayern\" \/>\n<meta property=\"og:url\" content=\"https:\/\/bezaubernd.bayern\/cs\/\" \/>\n<meta property=\"og:site_name\" content=\"Bezaubernd Bayern\" \/>\n<meta property=\"article:modified_time\" content=\"2026-04-16T12:28:18+00:00\" \/>\n<meta name=\"twitter:card\" content=\"summary_large_image\" \/>\n<script type=\"application\/ld+json\" class=\"yoast-schema-graph\">{\"@context\":\"https:\\\/\\\/schema.org\",\"@graph\":[{\"@type\":\"WebPage\",\"@id\":\"https:\\\/\\\/bezaubernd.bayern\\\/\",\"url\":\"https:\\\/\\\/bezaubernd.bayern\\\/\",\"name\":\"Startseite - Bezaubernd Bayern\",\"isPartOf\":{\"@id\":\"https:\\\/\\\/bezaubernd.bayern\\\/#website\"},\"datePublished\":\"2025-09-24T13:15:28+00:00\",\"dateModified\":\"2026-04-16T12:28:18+00:00\",\"breadcrumb\":{\"@id\":\"https:\\\/\\\/bezaubernd.bayern\\\/#breadcrumb\"},\"inLanguage\":\"cs\",\"potentialAction\":[{\"@type\":\"ReadAction\",\"target\":[\"https:\\\/\\\/bezaubernd.bayern\\\/\"]}]},{\"@type\":\"BreadcrumbList\",\"@id\":\"https:\\\/\\\/bezaubernd.bayern\\\/#breadcrumb\",\"itemListElement\":[{\"@type\":\"ListItem\",\"position\":1,\"name\":\"Startseite\",\"item\":\"https:\\\/\\\/bezaubernd.bayern\\\/\"},{\"@type\":\"ListItem\",\"position\":2,\"name\":\"Startseite\"}]},{\"@type\":\"WebSite\",\"@id\":\"https:\\\/\\\/bezaubernd.bayern\\\/#website\",\"url\":\"https:\\\/\\\/bezaubernd.bayern\\\/\",\"name\":\"Bezaubernd Bayern\",\"description\":\"f\u00fcr Dein Traumkleid, Deinen Moment und Dein Strahlen\",\"potentialAction\":[{\"@type\":\"SearchAction\",\"target\":{\"@type\":\"EntryPoint\",\"urlTemplate\":\"https:\\\/\\\/bezaubernd.bayern\\\/?s={search_term_string}\"},\"query-input\":{\"@type\":\"PropertyValueSpecification\",\"valueRequired\":true,\"valueName\":\"search_term_string\"}}],\"inLanguage\":\"cs\"}]}<\/script>\n<!-- \/ Yoast SEO plugin. -->","yoast_head_json":{"title":"Startseite - Bezaubernd Bayern","robots":{"index":"index","follow":"follow","max-snippet":"max-snippet:-1","max-image-preview":"max-image-preview:large","max-video-preview":"max-video-preview:-1"},"canonical":"https:\/\/bezaubernd.bayern\/cs\/","og_locale":"cs_CZ","og_type":"article","og_title":"Startseite - Bezaubernd Bayern","og_url":"https:\/\/bezaubernd.bayern\/cs\/","og_site_name":"Bezaubernd Bayern","article_modified_time":"2026-04-16T12:28:18+00:00","twitter_card":"summary_large_image","schema":{"@context":"https:\/\/schema.org","@graph":[{"@type":"WebPage","@id":"https:\/\/bezaubernd.bayern\/","url":"https:\/\/bezaubernd.bayern\/","name":"Startseite - Bezaubernd Bayern","isPartOf":{"@id":"https:\/\/bezaubernd.bayern\/#website"},"datePublished":"2025-09-24T13:15:28+00:00","dateModified":"2026-04-16T12:28:18+00:00","breadcrumb":{"@id":"https:\/\/bezaubernd.bayern\/#breadcrumb"},"inLanguage":"cs","potentialAction":[{"@type":"ReadAction","target":["https:\/\/bezaubernd.bayern\/"]}]},{"@type":"BreadcrumbList","@id":"https:\/\/bezaubernd.bayern\/#breadcrumb","itemListElement":[{"@type":"ListItem","position":1,"name":"Startseite","item":"https:\/\/bezaubernd.bayern\/"},{"@type":"ListItem","position":2,"name":"Startseite"}]},{"@type":"WebSite","@id":"https:\/\/bezaubernd.bayern\/#website","url":"https:\/\/bezaubernd.bayern\/","name":"Bezaubernd Bayern","description":"f\u00fcr Dein Traumkleid, Deinen Moment und Dein Strahlen","potentialAction":[{"@type":"SearchAction","target":{"@type":"EntryPoint","urlTemplate":"https:\/\/bezaubernd.bayern\/?s={search_term_string}"},"query-input":{"@type":"PropertyValueSpecification","valueRequired":true,"valueName":"search_term_string"}}],"inLanguage":"cs"}]}},"_links":{"self":[{"href":"https:\/\/bezaubernd.bayern\/cs\/wp-json\/wp\/v2\/pages\/2401","targetHints":{"allow":["GET"]}}],"collection":[{"href":"https:\/\/bezaubernd.bayern\/cs\/wp-json\/wp\/v2\/pages"}],"about":[{"href":"https:\/\/bezaubernd.bayern\/cs\/wp-json\/wp\/v2\/types\/page"}],"author":[{"embeddable":true,"href":"https:\/\/bezaubernd.bayern\/cs\/wp-json\/wp\/v2\/users\/3"}],"replies":[{"embeddable":true,"href":"https:\/\/bezaubernd.bayern\/cs\/wp-json\/wp\/v2\/comments?post=2401"}],"version-history":[{"count":0,"href":"https:\/\/bezaubernd.bayern\/cs\/wp-json\/wp\/v2\/pages\/2401\/revisions"}],"wp:attachment":[{"href":"https:\/\/bezaubernd.bayern\/cs\/wp-json\/wp\/v2\/media?parent=2401"}],"curies":[{"name":"wp","href":"https:\/\/api.w.org\/{rel}","templated":true}]}}